{"id":221577,"date":"2020-04-08T23:05:05","date_gmt":"2020-04-08T21:05:05","guid":{"rendered":"https:\/\/amandinemataga.fr\/?page_id=221577"},"modified":"2020-05-11T18:46:12","modified_gmt":"2020-05-11T16:46:12","slug":"make-you-mine","status":"publish","type":"page","link":"https:\/\/amandinemataga.fr\/index.php\/make-you-mine\/","title":{"rendered":"Make you mine, fiche roman"},"content":{"rendered":"<p>[et_pb_section fb_built=\u00a0\u00bb1&Prime; _builder_version=\u00a0\u00bb4.4.1&Prime; background_color=\u00a0\u00bb#ffffff\u00a0\u00bb background_color_gradient_direction=\u00a0\u00bb197deg\u00a0\u00bb custom_padding=\u00a0\u00bb83px||2px|||\u00a0\u00bb top_divider_style=\u00a0\u00bbarrow3&Prime; top_divider_color=\u00a0\u00bbrgba(145,224,208,0.92)\u00a0\u00bb global_module=\u00a0\u00bb221581&Prime; saved_tabs=\u00a0\u00bball\u00a0\u00bb locked=\u00a0\u00bboff\u00a0\u00bb custom_margin=\u00a0\u00bb||15px|||\u00a0\u00bb][et_pb_row column_structure=\u00a0\u00bb2_5,3_5&Prime; _builder_version=\u00a0\u00bb4.4.1&Prime; module_alignment=\u00a0\u00bbcenter\u00a0\u00bb min_height=\u00a0\u00bb484px\u00a0\u00bb custom_margin=\u00a0\u00bb-1px|111px|12px|auto||\u00a0\u00bb custom_padding=\u00a0\u00bb11px||6px|||\u00a0\u00bb][et_pb_column type=\u00a0\u00bb2_5&Prime; _builder_version=\u00a0\u00bb4.4.1&Prime;][et_pb_image src=\u00a0\u00bbhttps:\/\/amandinemataga.fr\/wp-content\/uploads\/2020\/04\/Couverture_Make-you-mine.jpg\u00a0\u00bb align=\u00a0\u00bbcenter\u00a0\u00bb _builder_version=\u00a0\u00bb4.4.1&Prime; width=\u00a0\u00bb100%\u00a0\u00bb height=\u00a0\u00bb422px\u00a0\u00bb custom_padding=\u00a0\u00bb|1px||||\u00a0\u00bb][\/et_pb_image][\/et_pb_column][et_pb_column type=\u00a0\u00bb3_5&Prime; _builder_version=\u00a0\u00bb4.4.1&Prime;][dsm_animated_gradient_text animated_gradient_text=\u00a0\u00bbMAKE YOU MINE\u00a0\u00bb animated_gradient_speed=\u00a0\u00bb17s\u00a0\u00bb gradient_one_color=\u00a0\u00bb#edf000&Prime; gradient_two_color=\u00a0\u00bb#8df96c\u00a0\u00bb gradient_three_color=\u00a0\u00bb#1fe0ba\u00a0\u00bb _builder_version=\u00a0\u00bb4.4.1&Prime; header_font_size=\u00a0\u00bb45px\u00a0\u00bb min_height=\u00a0\u00bb72px\u00a0\u00bb custom_margin=\u00a0\u00bb25px||83px|||\u00a0\u00bb][\/dsm_animated_gradient_text][et_pb_text _builder_version=\u00a0\u00bb4.4.1&Prime; text_text_color=\u00a0\u00bbrgba(224,69,100,0.9)\u00a0\u00bb text_font_size=\u00a0\u00bb15px\u00a0\u00bb width=\u00a0\u00bb91.2%\u00a0\u00bb min_height=\u00a0\u00bb171px\u00a0\u00bb custom_margin=\u00a0\u00bb-71px||5px|||\u00a0\u00bb custom_padding=\u00a0\u00bb||0px|||\u00a0\u00bb]<\/p>\n<p style=\"text-align: justify;\"><span style=\"color: rgba(54, 216, 140, 0.9);\"><strong><em>Ce sera lui et personne d&rsquo;autre.<\/em><br \/> <\/strong><\/span><\/p>\n<p style=\"text-align: justify;\"><span style=\"color: rgba(0, 0, 0, 0.9);\">Milo a bien du culot de revenir sur le domaine viticole de leur enfance apr\u00e8s trois ann\u00e9es d\u2019absence inexpliqu\u00e9es. S\u2019il semble \u00e0 tout prix vouloir la reconqu\u00e9rir, Romane, elle, ne voit pas les choses du m\u00eame \u0153il. Et pour cause : apr\u00e8s avoir surmont\u00e9 cette disparition qui lui a bris\u00e9 le c\u0153ur, elle se sent enfin pr\u00eate \u00e0 donner sa chance \u00e0 un autre homme. Dans quelques jours, elle doit \u00e9pouser Adrian, un avocat brillant et surtout fou amoureux d\u2019elle. Alors il n\u2019est pas question de c\u00e9der aux avances de Milo. \u00c0 condition qu\u2019elle parvienne \u00e0 refouler le d\u00e9sir br\u00fblant qui s\u2019allume en elle chaque fois qu\u2019elle se trouve en sa pr\u00e9sence\u2026<\/span><\/p>\n<p style=\"text-align: justify;\"><strong><\/strong><\/p>\n<p style=\"text-align: justify;\"><strong><\/strong><\/p>\n<p>[\/et_pb_text][dsm_animated_gradient_text animated_gradient_text=\u00a0\u00bbNum\u00e9rique &#8211; 6,99 \u20ac\u00a0\u00bb gradient_one_color=\u00a0\u00bb#0c71c3&Prime; gradient_two_color=\u00a0\u00bb#1fe0ba\u00a0\u00bb gradient_three_color=\u00a0\u00bb#8df96c\u00a0\u00bb _builder_version=\u00a0\u00bb4.4.1&Prime; header_font=\u00a0\u00bb|700|||||||\u00a0\u00bb header_text_align=\u00a0\u00bbleft\u00a0\u00bb header_font_size=\u00a0\u00bb18px\u00a0\u00bb background_color=\u00a0\u00bb#ede8e8&Prime; module_alignment=\u00a0\u00bbcenter\u00a0\u00bb min_height=\u00a0\u00bb15px\u00a0\u00bb custom_margin=\u00a0\u00bb-3px||1px||false|false\u00a0\u00bb custom_padding=\u00a0\u00bb7px||||false|false\u00a0\u00bb link_option_url=\u00a0\u00bbhttps:\/\/www.amazon.fr\/Make-You-Mine-Amandine-Filhol-ebook\/dp\/B086YVZR42\/ref=sr_1_1?__mk_fr_FR=%C3%85M%C3%85%C5%BD%C3%95%C3%91&#038;dchild=1&#038;keywords=make+you+mine&#038;qid=1586647432&#038;s=digital-text&#038;sr=1-1&Prime; link_option_url_new_window=\u00a0\u00bbon\u00a0\u00bb][\/dsm_animated_gradient_text][\/et_pb_column][\/et_pb_row][\/et_pb_section][et_pb_section fb_built=\u00a0\u00bb1&Prime; _builder_version=\u00a0\u00bb4.4.1&Prime; custom_margin=\u00a0\u00bb-10px||7px|||\u00a0\u00bb custom_padding=\u00a0\u00bb20px||1px|||\u00a0\u00bb min_height=\u00a0\u00bb1057px\u00a0\u00bb][et_pb_row _builder_version=\u00a0\u00bb4.4.1&Prime; custom_padding=\u00a0\u00bb3px||0px|||\u00a0\u00bb][et_pb_column type=\u00a0\u00bb4_4&Prime; _builder_version=\u00a0\u00bb4.4.1&Prime;][et_pb_text _builder_version=\u00a0\u00bb4.4.1&Prime; text_font=\u00a0\u00bbParisienne||||||||\u00a0\u00bb text_text_color=\u00a0\u00bb#e01f76&Prime; text_font_size=\u00a0\u00bb54px\u00a0\u00bb text_line_height=\u00a0\u00bb1.3em\u00a0\u00bb module_alignment=\u00a0\u00bbcenter\u00a0\u00bb custom_margin=\u00a0\u00bb-6px|||||\u00a0\u00bb hover_enabled=\u00a0\u00bb0&Prime;]<\/p>\n<p style=\"text-align: left;\">Votre avis compte &#8230;<\/p>\n<p>[\/et_pb_text][\/et_pb_column][\/et_pb_row][et_pb_row column_structure=\u00a0\u00bb1_2,1_2&Prime; _builder_version=\u00a0\u00bb4.4.1&Prime; custom_margin=\u00a0\u00bb-4px|auto||auto||\u00a0\u00bb custom_padding=\u00a0\u00bb36px|||||\u00a0\u00bb][et_pb_column type=\u00a0\u00bb1_2&Prime; _builder_version=\u00a0\u00bb4.4.1&Prime;][et_pb_text _builder_version=\u00a0\u00bb4.4.1&Prime; hover_enabled=\u00a0\u00bb0&Prime; custom_padding=\u00a0\u00bb|||0px||\u00a0\u00bb]<\/p>\n<div data-hook=\"genome-widget\" class=\"a-row a-spacing-mini\">\n<div aria-hidden=\"true\" class=\"a-profile-avatar-wrapper\">\n<div class=\"a-profile-content\">\n<div data-hook=\"genome-widget\" class=\"a-row a-spacing-mini\">\n<div class=\"a-profile-content\" style=\"text-align: justify;\"><strong><span class=\"a-profile-name\">Notre passion au fil des pages<\/span><\/strong><span class=\"a-profile-name\"><strong>\u00a0<\/strong> <span style=\"color: #33cccc;\"><strong>\u2665 \u2665 \u2665 \u2665 \u2665<\/strong><\/span><br \/> <\/span><\/div>\n<\/div>\n<div class=\"a-row\" style=\"text-align: justify;\"><strong><span style=\"color: #ff99cc;\"><span style=\"color: #33cccc;\"><i data-hook=\"review-star-rating\" class=\"a-icon a-icon-star a-star-5 review-rating\"><span class=\"a-icon-alt\">5 sur 5\u00a0\u00e9toiles<\/span><\/i><span class=\"a-letter-space\"><\/span> Une p\u00e9pite ! Un coup de c\u0153ur !<\/span> <\/span><\/strong><\/div>\n<p style=\"text-align: justify;\"><span data-hook=\"review-body\" class=\"a-size-base review-text review-text-content\"><span><span class=\"cr-widget-FocalReviews\" data-hook=\"cr-widget-FocalReviews\"><span data-hook=\"review-date\" class=\"a-size-base a-color-secondary review-date\">Comment\u00e9 en France le 11 mai 2020<\/span><\/span><\/span><\/span><\/p>\n<p style=\"text-align: justify;\"><span data-hook=\"review-body\" class=\"a-size-base review-text review-text-content\"><span><span class=\"cr-widget-FocalReviews\" data-hook=\"cr-widget-FocalReviews\"><span data-hook=\"review-date\" class=\"a-size-base a-color-secondary review-date\"><\/span><\/span><\/span><\/span><\/p>\n<div data-hook=\"review-collapsed\" aria-expanded=\"true\" class=\"a-expander-content reviewText review-text-content a-expander-partial-collapse-content a-expander-content-expanded\" style=\"padding-bottom: 19px; text-align: justify;\"><span><strong>Une histoire intense, riche en \u00e9motions et d\u00e9couvertes.<\/strong><br \/> Ce livre est un \u00e9norme <strong>coup de c\u0153ur, c\u2019est sombre, addictif, haletant, \u00e9mouvant, triste, rempli d\u2019\u00e9motions<\/strong>. La plume d\u2019Amandine est captivante, berc\u00e9e par des personnages complexes et intenses. Des \u00eatres bris\u00e9s, perdus et \u00e9mouvants ! D\u00e9couvrez cette histoire magnifique o\u00f9 r\u00e8gne des retournements de situation et des rebondissements \u00e0 ne plus finir, des sc\u00e8nes de violence qui m\u2019ont retourn\u00e9s, mis les larmes aux yeux. On fr\u00e9mit, on tremble, on passe par tout un tas de sentiments contradictoires. On est abasourdi devant tant de r\u00e9v\u00e9lations, devant ce d\u00e9nouement \u00e9poustouflant, on retient son souffle, on grince des dents, on est submerg\u00e9 par tout ce qu\u2019il se passe ! Je ne m\u2019attendais pas du tout \u00e0 certaines choses, Amandine m\u2019a compl\u00e8tement s\u00e9duite, bluff\u00e9e ! L\u2019auteure \u00e9voque le pardon, le deuil, la reconstruction apr\u00e8s un drame, des sujets sensibles, \u00e9mouvants !<br \/> <strong>Une histoire coup de c\u0153ur, une p\u00e9pite que je conseille de lire.<\/strong><\/span><\/div>\n<\/div>\n<\/div>\n<\/div>\n<p>[\/et_pb_text][et_pb_text _builder_version=\u00a0\u00bb4.4.1&Prime; hover_enabled=\u00a0\u00bb0&Prime; custom_margin=\u00a0\u00bb||39px|||\u00a0\u00bb]<\/p>\n<div data-hook=\"genome-widget\" class=\"a-row a-spacing-mini\">\n<div aria-hidden=\"true\" class=\"a-profile-avatar-wrapper\">\n<div class=\"a-profile-content\"><strong><span class=\"a-profile-name\">Mathilde Gourmel<span style=\"color: #33cccc;\"> \u2665 \u2665 \u2665 \u2665 \u2665<\/span><br \/> <\/span><\/strong><\/div>\n<\/div>\n<\/div>\n<div class=\"a-row\">\n<p><i data-hook=\"review-star-rating\" class=\"a-icon a-icon-star a-star-5 review-rating\"><span class=\"a-icon-alt\"><\/span><\/i><span style=\"color: #33cccc;\"><strong><i data-hook=\"review-star-rating\" class=\"a-icon a-icon-star a-star-5 review-rating\"><span class=\"a-icon-alt\">5 sur 5\u00a0\u00e9toiles<\/span><\/i> A lire <a class=\"a-link-normal\" title=\"5,0 sur 5\u00a0\u00e9toiles\" href=\"https:\/\/www.amazon.fr\/gp\/customer-reviews\/R1R9044HB3J70L\/ref=cm_cr_dp_d_rvw_ttl?ie=UTF8&amp;ASIN=B079SN6LQY\" style=\"color: #33cccc;\">!<\/a><\/strong><\/span><i data-hook=\"review-star-rating\" class=\"a-icon a-icon-star a-star-5 review-rating\"><span class=\"a-icon-alt\"><span data-hook=\"review-date\" class=\"a-size-base a-color-secondary review-date\"><\/span><\/span><\/i><\/p>\n<p><i data-hook=\"review-star-rating\" class=\"a-icon a-icon-star a-star-5 review-rating\"><span class=\"a-icon-alt\"><span data-hook=\"review-date\" class=\"a-size-base a-color-secondary review-date\">Comment\u00e9 en France le 7 mai 2020 &#8211; <span data-hook=\"avp-badge-linkless\" class=\"a-size-mini a-color-state a-text-bold\">Achat v\u00e9rifi\u00e9<\/span><br \/><\/span><\/span><\/i><\/p>\n<div class=\"a-row a-spacing-mini review-data review-format-strip\"><\/div>\n<div class=\"a-row a-spacing-small review-data\" style=\"text-align: justify;\"><span data-hook=\"review-body\" class=\"a-size-base review-text review-text-content\"> <span>C\u2019est une histoire que vous n\u2019allez pas r\u00e9ussir \u00e0 l\u00e2cher, en tout cas cela a \u00e9t\u00e9 mon cas ! L\u2019histoire de Milo et Romane est magnifique parce qu\u2019elle est dramatique et passionn\u00e9e. C\u2019est une <strong>histoire magnifique pleine de rebondissements<\/strong> avec des personnages secondaires tr\u00e8s attachants. J\u2019ai pass\u00e9 un excellent moment de lecture.<br \/><\/span><\/span><\/div>\n<p><span class=\"cr-widget-FocalReviews\" data-hook=\"cr-widget-FocalReviews\"><span data-hook=\"review-date\" class=\"a-size-base a-color-secondary review-date\"><\/span><\/span><\/p>\n<\/div>\n<p>[\/et_pb_text][et_pb_text _builder_version=\u00a0\u00bb4.4.1&Prime; hover_enabled=\u00a0\u00bb0&Prime; custom_margin=\u00a0\u00bb8px|||||\u00a0\u00bb]<\/p>\n<div data-hook=\"genome-widget\" class=\"a-row a-spacing-mini\">\n<div aria-hidden=\"true\" class=\"a-profile-avatar-wrapper\">\n<div class=\"a-profile-content\"><span class=\"a-profile-name\"><strong><span class=\"text_comment\">Sotgiujuliette <\/span><span style=\"color: #33cccc;\">\u2665 \u2665 \u2665 \u2665 \u2665<\/span><\/strong><br \/> <\/span><\/div>\n<\/div>\n<\/div>\n<div class=\"a-row\">\n<p><span data-hook=\"review-date\" class=\"a-size-base a-color-secondary review-date\">Comment\u00e9 en France le 6 mai 2020<\/span><\/p>\n<p style=\"text-align: justify;\"><span data-hook=\"review-date\" class=\"a-size-base a-color-secondary review-date\"><span class=\"a-profile-name\"><span class=\"actual-text\">Je viens de d\u00e9couvrir la plume d\u2019Amandine Mataga avec \u00ab\u00a0Make you mine\u00a0\u00bb et je viens de me prendre une claque. Mais quelle lecture ! Je crois que je ne vais pas m\u2019en remettre d\u2019aussi t\u00f4t et \u00e7a va \u00eatre compliqu\u00e9 de trouver un nouveau livre \u00e0 la hauteur de celui ci. J\u2019ai rarement lu un roman aussi bien \u00e9crit !\u00a0<\/span><\/span><\/span><\/p>\n<\/div>\n<p>[\/et_pb_text][\/et_pb_column][et_pb_column type=\u00a0\u00bb1_2&Prime; _builder_version=\u00a0\u00bb4.4.1&Prime;][et_pb_text _builder_version=\u00a0\u00bb4.4.1&Prime; custom_margin=\u00a0\u00bb0px||0px|||\u00a0\u00bb hover_enabled=\u00a0\u00bb0&Prime;]<\/p>\n<div data-hook=\"genome-widget\" class=\"a-row a-spacing-mini\">\n<div aria-hidden=\"true\" class=\"a-profile-avatar-wrapper\">\n<div class=\"a-profile-content\">\n<div class=\"a-profile-content\"><strong><span class=\"a-profile-name\"><span class=\"a-profile-name\">G<span class=\"cr-widget-FocalReviews\" data-hook=\"cr-widget-FocalReviews\"><\/span><\/span><\/span><span class=\"a-profile-name\">a\u00eblle (blog les magiciennes des mots) <span style=\"color: #33cccc;\">\u2665 \u2665 \u2665 \u2665 \u2665<\/span><br \/> <\/span><\/strong><\/div>\n<div class=\"a-profile-content\"><span class=\"a-profile-name\"><span class=\"a-profile-name\"><strong><\/strong><\/span><\/span><span class=\"a-profile-name\"><span class=\"a-profile-name\"><strong><\/strong><\/span><\/span><strong><span style=\"color: #33cccc;\"><i data-hook=\"review-star-rating\" class=\"a-icon a-icon-star a-star-5 review-rating\"><span class=\"a-icon-alt\">5 sur 5\u00a0\u00e9toiles<\/span><\/i><span class=\"a-letter-space\"><\/span> un joli coup de coeur<\/span><\/strong><\/div>\n<div class=\"a-profile-content\">\n<p><span class=\"a-profile-name\"><span class=\"a-profile-name\"><span class=\"cr-widget-FocalReviews\" data-hook=\"cr-widget-FocalReviews\"><span data-hook=\"review-date\" class=\"a-size-base a-color-secondary review-date\">Comment\u00e9 en France le 6 mai 2020<\/span><\/span><\/span><\/span><\/p>\n<div class=\"a-row a-spacing-mini review-data review-format-strip\"><\/div>\n<div class=\"a-row a-spacing-small review-data\">\n<div aria-live=\"polite\" data-a-expander-name=\"review_text_read_more\" data-a-expander-collapsed-height=\"300\" class=\"a-expander-collapsed-height a-row a-expander-container a-expander-partial-collapse-container\" style=\"max-height: none; height: auto;\">\n<div data-hook=\"review-collapsed\" aria-expanded=\"true\" class=\"a-expander-content reviewText review-text-content a-expander-partial-collapse-content a-expander-content-expanded\" style=\"padding-bottom: 19px; text-align: justify;\"><span>Il est l&rsquo;un des titres que j&rsquo;attendais avec impatience pour cette ann\u00e9e. J&rsquo;ai d\u00e9couvert l&rsquo;auteure avec sa duologie \u00ab\u00a0Reviens-moi\u00a0\u00bb (chronique dispo sur le blog), et j&rsquo;avais suivi les d\u00e9buts de Milo et Romane sur Wattpad qui m&rsquo;avaient conquise. Il me tardait donc de d\u00e9couvrir la suite de leur histoire ! <\/span><span><span class=\"cr-widget-FocalReviews\" data-hook=\"cr-widget-FocalReviews\"><span data-hook=\"review-body\" class=\"a-size-base review-text\">Impossible de poser la liseuse tant que je ne savais pas o\u00f9 j&rsquo;allais, et si mon c\u0153ur allait tenir.<br \/> <strong>La plume d&rsquo;Amandine m&rsquo;a entrain\u00e9 dans une montagne russe d&rsquo;\u00e9motion. Un joli coup de coeur que je vous recommande sans h\u00e9siter.<\/strong><\/span><\/span><\/span><\/div>\n<\/div>\n<\/div>\n<p><span class=\"a-profile-name\"><strong><span class=\"cr-widget-FocalReviews\" data-hook=\"cr-widget-FocalReviews\"><\/span><\/strong><\/span><\/p>\n<\/div>\n<\/div>\n<\/div>\n<\/div>\n<p>[\/et_pb_text][et_pb_text _builder_version=\u00a0\u00bb4.4.1&Prime; hover_enabled=\u00a0\u00bb0&Prime; custom_padding=\u00a0\u00bb3px|||||\u00a0\u00bb custom_margin=\u00a0\u00bb32px|||||\u00a0\u00bb]<\/p>\n<div data-hook=\"genome-widget\" class=\"a-row a-spacing-mini\">\n<div aria-hidden=\"true\" class=\"a-profile-avatar-wrapper\"><strong><span class=\"a-profile-name\">Kim H. <\/span><\/strong><strong><span class=\"a-profile-name\"><span style=\"color: #33cccc;\">\u2665 \u2665 \u2665 \u2665 \u2665<\/span><\/span><\/strong><a class=\"a-link-normal\" title=\"5,0 sur 5\u00a0\u00e9toiles\" href=\"https:\/\/www.amazon.fr\/gp\/customer-reviews\/RNHNVY89NP4TL\/ref=cm_cr_getr_d_rvw_ttl?ie=UTF8&amp;ASIN=B079SN6LQY\"><strong><span class=\"a-profile-name\"><\/span><\/strong><\/a><br \/> <strong><span style=\"color: #33cccc;\"><i data-hook=\"review-star-rating\" class=\"a-icon a-icon-star a-star-5 review-rating\"><span class=\"a-icon-alt\">5 sur 5\u00a0\u00e9toiles<\/span><\/i><span class=\"a-letter-space\"><\/span> Excellent roman ! <\/span><\/strong><\/div>\n<div aria-hidden=\"true\" class=\"a-profile-avatar-wrapper\"><span class=\"a-icon-alt\"><span class=\"cr-widget-FocalReviews\" data-hook=\"cr-widget-FocalReviews\"><span data-hook=\"review-date\" class=\"a-size-base a-color-secondary review-date\">Comment\u00e9 en France le 6 mai 2020<\/span><\/span><\/span><a class=\"a-link-normal\" title=\"5,0 sur 5\u00a0\u00e9toiles\" href=\"https:\/\/www.amazon.fr\/gp\/customer-reviews\/RNHNVY89NP4TL\/ref=cm_cr_getr_d_rvw_ttl?ie=UTF8&amp;ASIN=B079SN6LQY\"><span class=\"a-icon-alt\"><span class=\"cr-widget-FocalReviews\" data-hook=\"cr-widget-FocalReviews\"><span data-hook=\"review-date\" class=\"a-size-base a-color-secondary review-date\"><\/span><\/span><\/span><\/a><\/div>\n<div aria-hidden=\"true\" class=\"a-profile-avatar-wrapper\"><span class=\"a-icon-alt\"><span class=\"cr-widget-FocalReviews\" data-hook=\"cr-widget-FocalReviews\"><span data-hook=\"review-date\" class=\"a-size-base a-color-secondary review-date\"><\/span><\/span><\/span><\/div>\n<div aria-hidden=\"true\" class=\"a-profile-avatar-wrapper\" style=\"text-align: justify;\"><span class=\"a-icon-alt\"><span class=\"cr-widget-FocalReviews\" data-hook=\"cr-widget-FocalReviews\"><span data-hook=\"review-date\" class=\"a-size-base a-color-secondary review-date\"><\/span><\/span><\/span><span>J&rsquo;ai ador\u00e9 cette histoire !<\/span><br \/> <span><\/span><span><strong>Dans cette histoire, il va \u00eatre question d\u2019amour, mais vous savez l\u2019amour avec un grand A<\/strong>.\u00a0<span class=\"cr-widget-FocalReviews\" data-hook=\"cr-widget-FocalReviews\"><span data-hook=\"review-body\" class=\"a-size-base review-text\"><\/span><\/span><\/span><\/div>\n<div aria-hidden=\"true\" class=\"a-profile-avatar-wrapper\" style=\"text-align: justify;\"><span><span class=\"cr-widget-FocalReviews\" data-hook=\"cr-widget-FocalReviews\"><span data-hook=\"review-body\" class=\"a-size-base review-text\">La plume d\u2019Amandine Mataga est <strong>merveilleuse, ma\u00eetris\u00e9e<\/strong>. Elle nous sert une histoire <strong>intense<\/strong> avec deux personnages bris\u00e9s, ab\u00eem\u00e9s par la vie qui semblent attir\u00e9s tel deux aimants. J\u2019ai \u00e9galement beaucoup aim\u00e9 le cadre viticole dans lequel nous sommes et qu\u2019au final, je n\u2019avais pas envie de quitter.<\/span><\/span><\/span><\/div>\n<\/div>\n<p>[\/et_pb_text][et_pb_text _builder_version=\u00a0\u00bb4.4.1&Prime; hover_enabled=\u00a0\u00bb0&Prime;]<\/p>\n<div data-hook=\"genome-widget\" class=\"a-row a-spacing-mini\">\n<div aria-hidden=\"true\" class=\"a-profile-avatar-wrapper\">\n<div class=\"a-profile-content\"><strong><span class=\"a-profile-name\"><\/span><\/strong><span class=\"a-profile-name\"><strong>M\u00e9lissa Gbt<\/strong> <span style=\"color: #33cccc;\"><strong>\u2665 \u2665 \u2665 \u2665 \u2665<\/strong><\/span><br \/> <\/span><\/div>\n<\/div>\n<\/div>\n<div class=\"a-row\"><span style=\"color: #33cccc;\"><strong><em>5 sur 5 \u00e9toiles<\/em> \u00c9norme coup de coeur ! <\/strong><\/span><\/div>\n<div class=\"a-row\"><span data-hook=\"review-date\" class=\"a-size-base a-color-secondary review-date\">Comment\u00e9 en France le 9 mai 2020 &#8211; Achat v\u00e9rifi\u00e9<\/span><\/div>\n<div class=\"a-row\">\n<p><span data-hook=\"review-date\" class=\"a-size-base a-color-secondary review-date\"><br \/><\/span><\/p>\n<div class=\"a-row a-spacing-mini review-data review-format-strip\"><\/div>\n<div class=\"a-row a-spacing-small review-data\" style=\"text-align: justify;\"><span data-hook=\"review-body\" class=\"a-size-base review-text review-text-content\"> <span>J\u2019ai d\u00e9couvert l\u2019univers d\u2019Amandine gr\u00e2ce \u00e0 sa saga \u00ab Reviens-Moi \u00bb qui a \u00e9t\u00e9 un v\u00e9ritable coup de c\u0153ur tant pour l\u2019histoire en elle-m\u00eame que par la plume de l\u2019auteure. C\u2019est donc tout naturellement que je me suis plong\u00e9e dans Make You Mine\u2026 Et qu\u2019est-ce que j\u2019ai bien fait ! Quel roman ! C\u2019est un <strong>concentr\u00e9 d\u2019\u00e9motions \u00e0 l\u2019\u00e9tat pur<\/strong> o\u00f9 rien n\u2019est laiss\u00e9 au hasard. <\/span><\/span><\/div>\n<div class=\"a-row a-spacing-small review-data\" style=\"text-align: justify;\"><span data-hook=\"review-body\" class=\"a-size-base review-text review-text-content\"><span><strong>Je suis conquise, et m\u00eame plus que \u00e7a, je pense avoir trouv\u00e9 mon coup de c\u0153ur 2020 !<\/strong><\/span> <\/span><\/div>\n<\/div>\n<p>[\/et_pb_text][\/et_pb_column][\/et_pb_row][\/et_pb_section]<\/p>\n","protected":false},"excerpt":{"rendered":"<p>[et_pb_section fb_built=\u00a0\u00bb1&Prime; _builder_version=\u00a0\u00bb4.4.1&Prime; background_color=\u00a0\u00bb#ffffff\u00a0\u00bb background_color_gradient_direction=\u00a0\u00bb197deg\u00a0\u00bb custom_padding=\u00a0\u00bb83px||2px|||\u00a0\u00bb top_divider_style=\u00a0\u00bbarrow3&Prime; top_divider_color=\u00a0\u00bbrgba(145,224,208,0.92)\u00a0\u00bb global_module=\u00a0\u00bb221581&Prime; saved_tabs=\u00a0\u00bball\u00a0\u00bb locked=\u00a0\u00bboff\u00a0\u00bb custom_margin=\u00a0\u00bb||15px|||\u00a0\u00bb][et_pb_row column_structure=\u00a0\u00bb2_5,3_5&Prime; _builder_version=\u00a0\u00bb4.4.1&Prime; module_alignment=\u00a0\u00bbcenter\u00a0\u00bb min_height=\u00a0\u00bb484px\u00a0\u00bb custom_margin=\u00a0\u00bb-1px|111px|12px|auto||\u00a0\u00bb custom_padding=\u00a0\u00bb11px||6px|||\u00a0\u00bb][et_pb_column type=\u00a0\u00bb2_5&Prime; _builder_version=\u00a0\u00bb4.4.1&Prime;][et_pb_image src=\u00a0\u00bbhttps:\/\/amandinemataga.fr\/wp-content\/uploads\/2020\/04\/Couverture_Make-you-mine.jpg\u00a0\u00bb align=\u00a0\u00bbcenter\u00a0\u00bb _builder_version=\u00a0\u00bb4.4.1&Prime; width=\u00a0\u00bb100%\u00a0\u00bb height=\u00a0\u00bb422px\u00a0\u00bb custom_padding=\u00a0\u00bb|1px||||\u00a0\u00bb][\/et_pb_image][\/et_pb_column][et_pb_column type=\u00a0\u00bb3_5&Prime; _builder_version=\u00a0\u00bb4.4.1&Prime;][dsm_animated_gradient_text animated_gradient_text=\u00a0\u00bbMAKE YOU MINE\u00a0\u00bb animated_gradient_speed=\u00a0\u00bb17s\u00a0\u00bb gradient_one_color=\u00a0\u00bb#edf000&Prime; gradient_two_color=\u00a0\u00bb#8df96c\u00a0\u00bb gradient_three_color=\u00a0\u00bb#1fe0ba\u00a0\u00bb _builder_version=\u00a0\u00bb4.4.1&Prime; header_font_size=\u00a0\u00bb45px\u00a0\u00bb min_height=\u00a0\u00bb72px\u00a0\u00bb custom_margin=\u00a0\u00bb25px||83px|||\u00a0\u00bb][\/dsm_animated_gradient_text][et_pb_text _builder_version=\u00a0\u00bb4.4.1&Prime; text_text_color=\u00a0\u00bbrgba(224,69,100,0.9)\u00a0\u00bb text_font_size=\u00a0\u00bb15px\u00a0\u00bb width=\u00a0\u00bb91.2%\u00a0\u00bb min_height=\u00a0\u00bb171px\u00a0\u00bb custom_margin=\u00a0\u00bb-71px||5px|||\u00a0\u00bb custom_padding=\u00a0\u00bb||0px|||\u00a0\u00bb] Ce sera lui et personne d&rsquo;autre. Milo a bien [&hellip;]<\/p>\n","protected":false},"author":1,"featured_media":0,"parent":0,"menu_order":0,"comment_status":"closed","ping_status":"closed","template":"","meta":{"_et_pb_use_builder":"on","_et_pb_old_content":"","_et_gb_content_width":"","footnotes":""},"_links":{"self":[{"href":"https:\/\/amandinemataga.fr\/index.php\/wp-json\/wp\/v2\/pages\/221577"}],"collection":[{"href":"https:\/\/amandinemataga.fr\/index.php\/wp-json\/wp\/v2\/pages"}],"about":[{"href":"https:\/\/amandinemataga.fr\/index.php\/wp-json\/wp\/v2\/types\/page"}],"author":[{"embeddable":true,"href":"https:\/\/amandinemataga.fr\/index.php\/wp-json\/wp\/v2\/users\/1"}],"replies":[{"embeddable":true,"href":"https:\/\/amandinemataga.fr\/index.php\/wp-json\/wp\/v2\/comments?post=221577"}],"version-history":[{"count":14,"href":"https:\/\/amandinemataga.fr\/index.php\/wp-json\/wp\/v2\/pages\/221577\/revisions"}],"predecessor-version":[{"id":222853,"href":"https:\/\/amandinemataga.fr\/index.php\/wp-json\/wp\/v2\/pages\/221577\/revisions\/222853"}],"wp:attachment":[{"href":"https:\/\/amandinemataga.fr\/index.php\/wp-json\/wp\/v2\/media?parent=221577"}],"curies":[{"name":"wp","href":"https:\/\/api.w.org\/{rel}","templated":true}]}}