{"id":221617,"date":"2020-04-08T23:48:44","date_gmt":"2020-04-08T21:48:44","guid":{"rendered":"https:\/\/amandinemataga.fr\/?page_id=221617"},"modified":"2020-05-04T10:26:20","modified_gmt":"2020-05-04T08:26:20","slug":"reviens-moi-tome-2","status":"publish","type":"page","link":"https:\/\/amandinemataga.fr\/index.php\/reviens-moi-tome-2\/","title":{"rendered":"Reviens-moi, Tome 2, fiche roman"},"content":{"rendered":"<p>[et_pb_section fb_built=\u00a0\u00bb1&Prime; _builder_version=\u00a0\u00bb4.4.1&Prime; background_color=\u00a0\u00bb#ffffff\u00a0\u00bb background_color_gradient_direction=\u00a0\u00bb197deg\u00a0\u00bb custom_padding=\u00a0\u00bb83px||2px|||\u00a0\u00bb top_divider_style=\u00a0\u00bbarrow3&Prime; top_divider_color=\u00a0\u00bb#596bb2&Prime; locked=\u00a0\u00bboff\u00a0\u00bb][et_pb_row column_structure=\u00a0\u00bb2_5,3_5&Prime; _builder_version=\u00a0\u00bb4.4.1&Prime; module_alignment=\u00a0\u00bbcenter\u00a0\u00bb min_height=\u00a0\u00bb523px\u00a0\u00bb custom_margin=\u00a0\u00bb37px|95px||162px||\u00a0\u00bb custom_padding=\u00a0\u00bb11px||29px|||\u00a0\u00bb][et_pb_column type=\u00a0\u00bb2_5&Prime; _builder_version=\u00a0\u00bb4.4.1&Prime;][et_pb_image src=\u00a0\u00bbhttps:\/\/amandinemataga.fr\/wp-content\/uploads\/2020\/04\/carte-tome-2_2.jpg\u00a0\u00bb align=\u00a0\u00bbcenter\u00a0\u00bb _builder_version=\u00a0\u00bb4.4.1&Prime; width=\u00a0\u00bb100%\u00a0\u00bb height=\u00a0\u00bb422px\u00a0\u00bb custom_padding=\u00a0\u00bb|1px||||\u00a0\u00bb][\/et_pb_image][\/et_pb_column][et_pb_column type=\u00a0\u00bb3_5&Prime; _builder_version=\u00a0\u00bb4.4.1&Prime;][dsm_animated_gradient_text animated_gradient_text=\u00a0\u00bbREVIENS-MOI, Tome 2&Prime; animated_gradient_speed=\u00a0\u00bb17s\u00a0\u00bb gradient_one_color=\u00a0\u00bb#8300e9&Prime; gradient_two_color=\u00a0\u00bb#0c71c3&Prime; gradient_three_color=\u00a0\u00bb#4bb8e7&Prime; gradient_four_color=\u00a0\u00bb#c2e4fe\u00a0\u00bb _builder_version=\u00a0\u00bb4.4.1&Prime; header_font_size=\u00a0\u00bb45px\u00a0\u00bb min_height=\u00a0\u00bb80px\u00a0\u00bb custom_margin=\u00a0\u00bb-29px|||||\u00a0\u00bb][\/dsm_animated_gradient_text][et_pb_text _builder_version=\u00a0\u00bb4.4.1&Prime; text_text_color=\u00a0\u00bbrgba(224,69,100,0.9)\u00a0\u00bb text_font_size=\u00a0\u00bb15px\u00a0\u00bb width=\u00a0\u00bb98.5%\u00a0\u00bb min_height=\u00a0\u00bb235px\u00a0\u00bb custom_margin=\u00a0\u00bb-46px||5px|1px||\u00a0\u00bb custom_padding=\u00a0\u00bb0px|0px|2px|||\u00a0\u00bb]<\/p>\n<p style=\"text-align: justify;\">\n<p style=\"text-align: justify;\"><span style=\"color: rgba(71, 74, 140, 0.9);\"><em><strong>Elena avait coutume de dire que j\u2019\u00e9tais la lumi\u00e8re dans ses t\u00e9n\u00e8bres. Elle n\u2019avait rien compris. C\u2019est ensemble qu\u2019on s\u2019illuminait, se guidant l\u2019un l\u2019autre vers la clart\u00e9.<\/strong><\/em><\/span><br \/><span style=\"color: rgba(0, 0, 0, 0.9);\"><\/span><\/p>\n<p style=\"text-align: justify;\"><span style=\"color: rgba(0, 0, 0, 0.9);\">J\u2019ai cru qu\u2019enfin elle me revenait, qu\u2019elle m\u2019appartenait. Je me trompais. Mais rien ni personne ne pourra m\u2019emp\u00eacher de la r\u00e9cup\u00e9rer, car je ne l\u2019abandonnerai plus, je serais l\u00e0.<\/span><\/p>\n<p style=\"text-align: justify;\"><span style=\"color: rgba(0, 0, 0, 0.9);\">Ethan a lutt\u00e9. Contre elle, contre ses sentiments jamais effac\u00e9s. Mais comment d\u00e9lier deux \u00e2mes r\u00e9solues \u00e0 s\u2019aimer\u2009? Aujourd\u2019hui, alors que le c\u0153ur d\u2019Elena a sombr\u00e9 dans l\u2019oubli, Ethan est bien d\u00e9cid\u00e9 \u00e0 se battre pour la faire sienne \u00e0 jamais. Sur son chemin se dresseront de nombreux ennemis, des v\u00e9rit\u00e9s depuis longtemps tues, des trahisons au go\u00fbt amers, mais le plus dangereux sera les ombres enfouies au fond de lui.<\/span><br \/><span style=\"color: rgba(0, 0, 0, 0.9);\">Pourra-t-il renier ce qu\u2019il est\u2009? Sera-t-il capable de faire ce que l\u2019on attend de lui\u2009? Jusqu\u2019o\u00f9 sera-t-il pr\u00eat \u00e0 aller pour elle\u2009? Et \u00e7a, sans se perdre au passage.<\/span><\/p>\n<p><span style=\"color: rgba(88, 85, 160, 0.9);\"><strong><em>\u00cates-vous pr\u00eat pour cet ultime combat ?<\/em><\/strong><\/span><\/p>\n<p style=\"text-align: justify;\"><strong><\/strong><\/p>\n<p style=\"text-align: justify;\"><strong><\/strong><\/p>\n<p>[\/et_pb_text][dsm_animated_gradient_text animated_gradient_text=\u00a0\u00bbBroch\u00e9  &#8211; 17,50\u20ac\u00a0\u00bb gradient_one_color=\u00a0\u00bb#0400f0&Prime; gradient_two_color=\u00a0\u00bb#0c71c3&Prime; gradient_three_color=\u00a0\u00bb#8300e9&Prime; _builder_version=\u00a0\u00bb4.4.1&Prime; header_text_align=\u00a0\u00bbleft\u00a0\u00bb header_font_size=\u00a0\u00bb19px\u00a0\u00bb background_color=\u00a0\u00bb#ede8e8&Prime; module_alignment=\u00a0\u00bbcenter\u00a0\u00bb min_height=\u00a0\u00bb31px\u00a0\u00bb custom_margin=\u00a0\u00bb-14px||30px||false|false\u00a0\u00bb custom_padding=\u00a0\u00bb7px||||false|false\u00a0\u00bb link_option_url=\u00a0\u00bbhttps:\/\/www.amazon.fr\/Reviens-Moi-2-Amandine-MATAGA\/dp\/1691084492\/ref=tmm_pap_swatch_0?_encoding=UTF8&#038;qid=&#038;sr=\u00a0\u00bb][\/dsm_animated_gradient_text][dsm_animated_gradient_text animated_gradient_text=\u00a0\u00bbNum\u00e9rique &#8211; 4,99\u20ac\u00a0\u00bb gradient_one_color=\u00a0\u00bb#0400f0&Prime; gradient_two_color=\u00a0\u00bb#0c71c3&Prime; gradient_three_color=\u00a0\u00bb#8300e9&Prime; _builder_version=\u00a0\u00bb4.4.1&Prime; header_text_align=\u00a0\u00bbleft\u00a0\u00bb header_font_size=\u00a0\u00bb19px\u00a0\u00bb background_color=\u00a0\u00bb#ede8e8&Prime; module_alignment=\u00a0\u00bbcenter\u00a0\u00bb min_height=\u00a0\u00bb31px\u00a0\u00bb custom_margin=\u00a0\u00bb-23px||-1px||false|false\u00a0\u00bb custom_padding=\u00a0\u00bb7px||||false|false\u00a0\u00bb link_option_url=\u00a0\u00bbhttps:\/\/www.amazon.fr\/Reviens-Moi-2-Amandine-MATAGA-ebook\/dp\/B07XG7BV5N\/ref=pd_sim_351_1\/257-7661076-3620544?_encoding=UTF8&#038;pd_rd_i=B07XG7BV5N&#038;pd_rd_r=48835a6e-df0e-4754-84f0-dd438e4f3783&#038;pd_rd_w=eLdxd&#038;pd_rd_wg=Rvm6W&#038;pf_rd_p=060194a3-2a26-4f32-aa08-569c69a08b0a&#038;pf_rd_r=67R89R2X8SQBAV059FF8&#038;psc=1&#038;refRID=67R89R2X8SQBAV059FF8&Prime;][\/dsm_animated_gradient_text][dsm_animated_gradient_text animated_gradient_text=\u00a0\u00bbChroniques\u00a0\u00bb gradient_one_color=\u00a0\u00bb#0400f0&Prime; gradient_two_color=\u00a0\u00bb#0c71c3&Prime; gradient_three_color=\u00a0\u00bb#8300e9&Prime; _builder_version=\u00a0\u00bb4.4.1&Prime; header_text_align=\u00a0\u00bbleft\u00a0\u00bb header_font_size=\u00a0\u00bb19px\u00a0\u00bb background_color=\u00a0\u00bb#ede8e8&Prime; module_alignment=\u00a0\u00bbcenter\u00a0\u00bb min_height=\u00a0\u00bb31px\u00a0\u00bb custom_margin=\u00a0\u00bb8px||-1px||false|false\u00a0\u00bb custom_padding=\u00a0\u00bb7px||||false|false\u00a0\u00bb link_option_url=\u00a0\u00bbhttps:\/\/amandinemataga.fr\/index.php\/chroniques-reviens-moi-tome-2\/\u00a0\u00bb][\/dsm_animated_gradient_text][\/et_pb_column][\/et_pb_row][\/et_pb_section][et_pb_section fb_built=\u00a0\u00bb1&Prime; _builder_version=\u00a0\u00bb4.4.1&Prime; custom_margin=\u00a0\u00bb5px||5px|||\u00a0\u00bb custom_padding=\u00a0\u00bb20px||1px|||\u00a0\u00bb][et_pb_row _builder_version=\u00a0\u00bb4.4.1&Prime; custom_padding=\u00a0\u00bb3px||0px|||\u00a0\u00bb][et_pb_column type=\u00a0\u00bb4_4&Prime; _builder_version=\u00a0\u00bb4.4.1&Prime;][et_pb_text _builder_version=\u00a0\u00bb4.4.1&Prime; text_font=\u00a0\u00bbParisienne||||||||\u00a0\u00bb text_text_color=\u00a0\u00bb#e01f76&Prime; text_font_size=\u00a0\u00bb54px\u00a0\u00bb text_line_height=\u00a0\u00bb1.3em\u00a0\u00bb module_alignment=\u00a0\u00bbcenter\u00a0\u00bb custom_margin=\u00a0\u00bb-6px|||||\u00a0\u00bb]<\/p>\n<p style=\"text-align: left;\">Votre avis compte &#8230;<\/p>\n<p>[\/et_pb_text][\/et_pb_column][\/et_pb_row][et_pb_row column_structure=\u00a0\u00bb1_2,1_2&Prime; _builder_version=\u00a0\u00bb4.4.1&Prime; custom_margin=\u00a0\u00bb-4px|auto||auto||\u00a0\u00bb custom_padding=\u00a0\u00bb36px|||||\u00a0\u00bb][et_pb_column type=\u00a0\u00bb1_2&Prime; _builder_version=\u00a0\u00bb4.4.1&Prime;][et_pb_text _builder_version=\u00a0\u00bb4.4.1&Prime; custom_padding=\u00a0\u00bb||0px|||\u00a0\u00bb]<\/p>\n<div data-hook=\"genome-widget\" class=\"a-row a-spacing-mini\">\n<div aria-hidden=\"true\" class=\"a-profile-avatar-wrapper\"><\/div>\n<div class=\"a-profile-content\"><strong><span class=\"a-profile-name\">G<\/span><\/strong><span class=\"a-profile-name\"><strong>a\u00eblle ( blog les magiciennes des mots) <span style=\"color: #ff00ff;\">\u2665 \u2665 \u2665 \u2665 \u2665<\/span><\/strong><br \/> <\/span><\/div>\n<\/div>\n<div class=\"a-row\"><a class=\"a-link-normal\" title=\"5,0 sur 5\u00a0\u00e9toiles\" href=\"https:\/\/www.amazon.fr\/gp\/customer-reviews\/R19VCNEYOA0YOS\/ref=cm_cr_dp_d_rvw_ttl?ie=UTF8&amp;ASIN=B07XG7BV5N\"><i data-hook=\"review-star-rating\" class=\"a-icon a-icon-star a-star-5 review-rating\"><span class=\"a-icon-alt\">5 sur 5\u00a0\u00e9toiles<\/span><\/i><\/a><span class=\"a-letter-space\"><\/span><a data-hook=\"review-title\" class=\"a-size-base a-link-normal review-title a-color-base review-title-content a-text-bold\" href=\"https:\/\/www.amazon.fr\/gp\/customer-reviews\/R19VCNEYOA0YOS\/ref=cm_cr_dp_d_rvw_ttl?ie=UTF8&amp;ASIN=B07XG7BV5N\"> <span>magnifique<\/span><\/a><\/div>\n<div class=\"a-row\"><span class=\"cr-widget-FocalReviews\" data-hook=\"cr-widget-FocalReviews\"><span data-hook=\"review-date\" class=\"a-size-base a-color-secondary review-date\">Comment\u00e9 en France le 16 septembre 2019<\/span><\/span><\/div>\n<p><span>Apr\u00e8s une fin de dingue dans le tome 1, qu&rsquo;allait-il advenir de la relation entre Ethan et Elena. Alors qu&rsquo;ils venaient enfin de se retrouver, la route vers le bonheur est longue et sem\u00e9e d&#8217;embuche.<span class=\"cr-widget-FocalReviews\" data-hook=\"cr-widget-FocalReviews\"><span data-hook=\"review-body\" class=\"a-size-base review-text\">La plume de l&rsquo;auteure nous entraine dans cette romance o\u00f9 les machinations et les manipulations se multiplient. Pas de r\u00e9pit pour les \u00e9motions.<\/span><\/span> <span class=\"cr-widget-FocalReviews\" data-hook=\"cr-widget-FocalReviews\"><span data-hook=\"review-body\" class=\"a-size-base review-text\">C&rsquo;est un final magistral que nous livre Amandine, je suis heureuse d&rsquo;avoir eu sa confiance pour ce deuxi\u00e8me tome riche en intensit\u00e9 \u00e9motionnelle.<\/span><\/span><\/span> <span><span class=\"cr-widget-FocalReviews\" data-hook=\"cr-widget-FocalReviews\"><span data-hook=\"review-body\" class=\"a-size-base review-text\"><\/span><\/span><\/span><span><span class=\"cr-widget-FocalReviews\" data-hook=\"cr-widget-FocalReviews\"><span data-hook=\"review-body\" class=\"a-size-base review-text\">Si vous aimez les histoires d&rsquo;amour \u00e9ternelle mais o\u00f9 rien n&rsquo;est gagn\u00e9 d&rsquo;avance alors Foncez !!!<\/span><\/span><br \/> <\/span><\/p>\n<p>[\/et_pb_text][et_pb_text _builder_version=\u00a0\u00bb4.4.1&Prime;]<\/p>\n<div data-hook=\"genome-widget\" class=\"a-row a-spacing-mini\">\n<div aria-hidden=\"true\" class=\"a-profile-avatar-wrapper\">\n<div class=\"a-profile-content\"><strong><span class=\"a-profile-name\"><\/span><\/strong><span class=\"a-profile-name\"><strong>Sheonandbooks <span style=\"color: #ff00ff;\">\u2665 \u2665 \u2665 \u2665 \u2665<\/span><\/strong><br \/><\/span><\/div>\n<\/div>\n<\/div>\n<div class=\"a-row\"><a class=\"a-link-normal\" title=\"5,0 sur 5\u00a0\u00e9toiles\" href=\"https:\/\/www.amazon.fr\/gp\/customer-reviews\/R3Q7RDI5QCGT2J\/ref=cm_cr_arp_d_rvw_ttl?ie=UTF8&amp;ASIN=B07XG7BV5N\"><i data-hook=\"review-star-rating\" class=\"a-icon a-icon-star a-star-5 review-rating\"><span class=\"a-icon-alt\">5,0 sur 5\u00a0\u00e9toiles<\/span><\/i><\/a><span class=\"a-letter-space\"><\/span><a data-hook=\"review-title\" class=\"a-size-base a-link-normal review-title a-color-base review-title-content a-text-bold\" href=\"https:\/\/www.amazon.fr\/gp\/customer-reviews\/R3Q7RDI5QCGT2J\/ref=cm_cr_arp_d_rvw_ttl?ie=UTF8&amp;ASIN=B07XG7BV5N\"> <span>Une p\u00e9pite!<\/span><\/a><\/div>\n<div class=\"a-row\"><span data-hook=\"avp-badge-linkless\" class=\"a-size-mini a-color-state a-text-bold\"><span data-hook=\"review-date\" class=\"a-size-base a-color-secondary review-date\">Comment\u00e9 en France le 12 septembre 2019<\/span><\/span><\/div>\n<div class=\"a-row\"><span data-hook=\"review-body\" class=\"a-size-base review-text review-text-content\"><span>L\u2019intrigue tient en haleine tout du long. Nous nous demandons ce qu\u2019il va advenir d\u2019Elena\u2009? Comment Alessio, Ethan et Sophia (la meilleure amie d\u2019Elena, une nana badass aussi ^^) vont r\u00e9ussir \u00e0 la sortir de sa situation\u2009? Si le c\u0153ur de la Reine des Glaces a r\u00e9ellement sombr\u00e9 dans l\u2019ab\u00eeme de l\u2019oubli\u2009? Petit \u00e0 petit, les pi\u00e8ces du puzzle s\u2019assemblent, d\u2019autres questions surviennent et Amandine y r\u00e9pond en temps et en heure avec des r\u00e9v\u00e9lations et des r\u00e9actions surprenantes parfois.<br \/>La plume de l\u2019autrice, qu\u2019on se le dise, elle est addictive\u2009! Commencer \u00e0 lire Amandine, c\u2019est ne plus pouvoir s\u2019arr\u00eater et je n\u2019exag\u00e8re pas. Le vocabulaire simple et varier rend son r\u00e9cit fluide, si bien qu\u2019\u00e0 aucun moment, je n\u2019ai d\u00fb reprendre une phrase ou un passage pour le comprendre. De plus, se mettre dans la peau des personnages est facile, tant Amandine retransmet les leurs \u00e9motions avec brio. Tourner (glisser) les pages de ce deuxi\u00e8me tome a \u00e9t\u00e9 pour moi un plaisir.<\/span> <\/span><\/div>\n<p>[\/et_pb_text][\/et_pb_column][et_pb_column type=\u00a0\u00bb1_2&Prime; _builder_version=\u00a0\u00bb4.4.1&Prime;][et_pb_text _builder_version=\u00a0\u00bb4.4.1&Prime; custom_margin=\u00a0\u00bb0px|||||\u00a0\u00bb]<\/p>\n<div data-hook=\"genome-widget\" class=\"a-row a-spacing-mini\">\n<div aria-hidden=\"true\" class=\"a-profile-avatar-wrapper\">\n<div class=\"a-profile-content\">\n<div class=\"a-profile-content\"><span class=\"a-profile-name\"><strong><\/strong><strong>Client d&rsquo;Amazon<\/strong> <strong><span style=\"color: #ff00ff;\">\u2665 \u2665 \u2665 \u2665 \u2665<\/span><\/strong><br \/><\/span><\/div>\n<div class=\"a-profile-content\">\n<div class=\"a-row\"><a class=\"a-link-normal\" title=\"5,0 sur 5\u00a0\u00e9toiles\" href=\"https:\/\/www.amazon.fr\/gp\/customer-reviews\/R6IGXLCCLZNLJ\/ref=cm_cr_dp_d_rvw_ttl?ie=UTF8&amp;ASIN=B07XG7BV5N\"><i data-hook=\"review-star-rating\" class=\"a-icon a-icon-star a-star-5 review-rating\"><span class=\"a-icon-alt\">5 sur 5\u00a0\u00e9toiles<\/span><\/i><\/a><span class=\"a-letter-space\"><\/span><a data-hook=\"review-title\" class=\"a-size-base a-link-normal review-title a-color-base review-title-content a-text-bold\" href=\"https:\/\/www.amazon.fr\/gp\/customer-reviews\/R6IGXLCCLZNLJ\/ref=cm_cr_dp_d_rvw_ttl?ie=UTF8&amp;ASIN=B07XG7BV5N\"> <span>L\u2019amour plus fort que tout<\/span> <\/a><\/div>\n<p><span class=\"cr-widget-FocalReviews\" data-hook=\"cr-widget-FocalReviews\"><span data-hook=\"review-date\" class=\"a-size-base a-color-secondary review-date\">Comment\u00e9 en France le 20 septembre 2019 &#8211; <\/span><\/span><span data-hook=\"avp-badge-linkless\" class=\"a-size-mini a-color-state a-text-bold\">Achat v\u00e9rifi\u00e9<\/span><span class=\"cr-widget-FocalReviews\" data-hook=\"cr-widget-FocalReviews\"><span data-hook=\"review-date\" class=\"a-size-base a-color-secondary review-date\"><\/span><\/span><\/p>\n<div class=\"a-row a-spacing-small review-data\">\n<div aria-live=\"polite\" data-a-expander-name=\"review_text_read_more\" data-a-expander-collapsed-height=\"300\" class=\"a-expander-collapsed-height a-row a-expander-container a-expander-partial-collapse-container\" style=\"max-height: 300px;\">\n<div data-hook=\"review-collapsed\" aria-expanded=\"false\" class=\"a-expander-content reviewText review-text-content a-expander-partial-collapse-content\"><span>Reviens-moi c\u2019est l\u2019histoire d\u2019un amour plus fort que tout. Plus fort que la haine, le pouvoir de l\u2019argent, la jalousie&#8230;.Un homme et une femme que tout devait s\u00e9parer mais&#8230;. bonne lecture\ud83d\ude09<\/span><\/div>\n<\/div>\n<\/div>\n<\/div>\n<\/div>\n<\/div>\n<\/div>\n<p>[\/et_pb_text][et_pb_text _builder_version=\u00a0\u00bb4.4.1&Prime; custom_margin=\u00a0\u00bb-5px|||||\u00a0\u00bb]<\/p>\n<div data-hook=\"genome-widget\" class=\"a-row a-spacing-mini\">\n<div aria-hidden=\"true\" class=\"a-profile-avatar-wrapper\">\n<div class=\"a-profile-content\">\n<div class=\"a-profile-content\"><span class=\"a-profile-name\"><strong><span style=\"color: #ff00ff;\"><\/span><\/strong><\/span><strong><span class=\"a-profile-name\"><\/span><\/strong><span class=\"a-profile-name\"><strong>Agn\u00e8s TRAVERS <span style=\"color: #ff00ff;\">\u2665 \u2665 \u2665 \u2665 \u2665<\/span><\/strong><br \/><\/span><\/div>\n<div class=\"a-profile-content\">\n<div class=\"a-row\"><a class=\"a-link-normal\" title=\"5,0 sur 5\u00a0\u00e9toiles\" href=\"https:\/\/www.amazon.fr\/gp\/customer-reviews\/R111DN9P42U7AF\/ref=cm_cr_arp_d_rvw_ttl?ie=UTF8&amp;ASIN=B07XG7BV5N\"><i data-hook=\"review-star-rating\" class=\"a-icon a-icon-star a-star-5 review-rating\"><span class=\"a-icon-alt\">5,0 sur 5\u00a0\u00e9toiles<\/span><\/i><\/a><span class=\"a-letter-space\"><\/span><a data-hook=\"review-title\" class=\"a-size-base a-link-normal review-title a-color-base review-title-content a-text-bold\" href=\"https:\/\/www.amazon.fr\/gp\/customer-reviews\/R111DN9P42U7AF\/ref=cm_cr_arp_d_rvw_ttl?ie=UTF8&amp;ASIN=B07XG7BV5N\"> <span>Un magnifique final !!<\/span> <\/a><\/div>\n<p><span data-hook=\"review-date\" class=\"a-size-base a-color-secondary review-date\">Comment\u00e9 en France le 12 septembre 2019<\/span><\/div>\n<div class=\"a-profile-content\"><span data-hook=\"review-date\" class=\"a-size-base a-color-secondary review-date\"><span data-hook=\"review-body\" class=\"a-size-base review-text review-text-content\"><span>Amandine nous livre ici une histoire longuement m\u00fbrie. A l\u2019image d\u2019un grand cru, sa plume s\u2019est bonifi\u00e9e et enrichie avec le temps. Si le premier tome posait les bases de l\u2019histoire avec des situations parfois d\u00e9routantes, ce tome est celui o\u00f9 tout s\u2019acc\u00e9l\u00e8re et o\u00f9 tout prend son sens.<br \/>Une lecture riche et fluide, \u00e0 la premi\u00e8re personne du singulier contrairement au premier tome, que je vous recommande chaudement.<\/span><\/span><\/span><\/div>\n<\/div>\n<\/div>\n<\/div>\n<p>[\/et_pb_text][et_pb_text _builder_version=\u00a0\u00bb4.4.1&Prime;]<\/p>\n<div data-hook=\"genome-widget\" class=\"a-row a-spacing-mini\">\n<div aria-hidden=\"true\" class=\"a-profile-avatar-wrapper\">\n<div class=\"a-profile-content\"><strong><span class=\"a-profile-name\">K<\/span><\/strong><span class=\"a-profile-name\"><strong>elly gentilhomme (Addiction Livresque) <span style=\"color: #ff00ff;\">\u2665 \u2665 \u2665 \u2665 <\/span><\/strong><br \/><\/span><\/div>\n<\/div>\n<\/div>\n<div class=\"a-row\">\n<div class=\"a-row\"><a class=\"a-link-normal\" title=\"4,0 sur 5\u00a0\u00e9toiles\" href=\"https:\/\/www.amazon.fr\/gp\/customer-reviews\/R2NT3HFHAEU0NX\/ref=cm_cr_dp_d_rvw_ttl?ie=UTF8&amp;ASIN=B07XG7BV5N\"><i data-hook=\"review-star-rating\" class=\"a-icon a-icon-star a-star-4 review-rating\"><span class=\"a-icon-alt\">4 sur 5\u00a0\u00e9toiles<\/span><\/i><\/a><span class=\"a-letter-space\"><\/span><a data-hook=\"review-title\" class=\"a-size-base a-link-normal review-title a-color-base review-title-content a-text-bold\" href=\"https:\/\/www.amazon.fr\/gp\/customer-reviews\/R2NT3HFHAEU0NX\/ref=cm_cr_dp_d_rvw_ttl?ie=UTF8&amp;ASIN=B07XG7BV5N\"> <span>Une suite avec beaucoup d&rsquo;\u00e9motions<\/span> <\/a><\/div>\n<p><a data-hook=\"review-title\" class=\"a-size-base a-link-normal review-title a-color-base review-title-content a-text-bold\" href=\"https:\/\/www.amazon.fr\/gp\/customer-reviews\/R1WAPFT1P7LG58\/ref=cm_cr_dp_d_rvw_ttl?ie=UTF8&amp;ASIN=B079SN6LQY\"><span><span class=\"cr-widget-FocalReviews\" data-hook=\"cr-widget-FocalReviews\"><span data-hook=\"review-date\" class=\"a-size-base a-color-secondary review-date\">Comment\u00e9 en France le 23 septembre 2019<\/span><\/span><\/span><\/a><\/div>\n<div class=\"a-row\"><span data-hook=\"avp-badge-linkless\" class=\"a-size-mini a-color-state a-text-bold\"><span class=\"cr-widget-FocalReviews\" data-hook=\"cr-widget-FocalReviews\"><span data-hook=\"review-body\" class=\"a-size-base review-text\"><span>Une duologie addictive qui, d&rsquo;un tome \u00e0 l&rsquo;autre, a \u00e9volu\u00e9 dans les \u00e9motions.<br \/>Une h\u00e9ro\u00efne charismatique qui tient la premi\u00e8re place dans cette histoire.<br \/>Pas seulement une romance, beaucoup d&rsquo;action, de secrets, de jalousie, de violence, de peur, de doutes, et de manipulation : une dark romance pleine de suspens et gav\u00e9e d&rsquo;\u00e9motions qui m&rsquo;a fait vivre une lecture intense.<\/span><\/span><\/span><\/span><\/div>\n<p>[\/et_pb_text][et_pb_text _builder_version=\u00a0\u00bb4.4.1&Prime;]<\/p>\n<div data-hook=\"genome-widget\" class=\"a-row a-spacing-mini\">\n<div aria-hidden=\"true\" class=\"a-profile-avatar-wrapper\">\n<div class=\"a-profile-content\">\n<div data-hook=\"genome-widget\" class=\"a-row a-spacing-mini\">\n<div class=\"a-profile-content\"><span class=\"a-profile-name\"><strong>Client Kindle<\/strong>\u00a0 <strong><span style=\"color: #ff00ff;\">\u2665 \u2665 \u2665 \u2665 \u2665<\/span><\/strong><br \/> <\/span><\/div>\n<\/div>\n<div class=\"a-row\"><a class=\"a-link-normal\" title=\"5,0 sur 5\u00a0\u00e9toiles\" href=\"https:\/\/www.amazon.fr\/gp\/customer-reviews\/R3N31K9H0RF9MX\/ref=cm_cr_dp_d_rvw_ttl?ie=UTF8&amp;ASIN=B07XG7BV5N\"><i data-hook=\"review-star-rating\" class=\"a-icon a-icon-star a-star-5 review-rating\"><span class=\"a-icon-alt\">5 sur 5\u00a0\u00e9toiles<\/span><\/i><\/a><span class=\"a-letter-space\"><\/span><a data-hook=\"review-title\" class=\"a-size-base a-link-normal review-title a-color-base review-title-content a-text-bold\" href=\"https:\/\/www.amazon.fr\/gp\/customer-reviews\/R3N31K9H0RF9MX\/ref=cm_cr_dp_d_rvw_ttl?ie=UTF8&amp;ASIN=B07XG7BV5N\"> <span>Une nouvelle p\u00e9pite<\/span> <\/a><span class=\"a-profile-name\"><span class=\"cr-widget-FocalReviews\" data-hook=\"cr-widget-FocalReviews\"><span data-hook=\"review-date\" class=\"a-size-base a-color-secondary review-date\">Comment\u00e9 en France le 28 janvier 2020 &#8211; <\/span><\/span><\/span><span data-hook=\"avp-badge-linkless\" class=\"a-size-mini a-color-state a-text-bold\">Achat v\u00e9rifi\u00e9<\/span><\/div>\n<div class=\"a-row a-spacing-small review-data\">\n<div aria-live=\"polite\" data-a-expander-name=\"review_text_read_more\" data-a-expander-collapsed-height=\"300\" class=\"a-expander-collapsed-height a-row a-expander-container a-expander-partial-collapse-container\" style=\"max-height: 300px;\">\n<div data-hook=\"review-collapsed\" aria-expanded=\"false\" class=\"a-expander-content reviewText review-text-content a-expander-partial-collapse-content\"><span>Comme le premier aussi captivant j&rsquo;ai replong\u00e9 dans cette histoire avec une grande \u00e9motion tellement press\u00e9e de conna\u00eetre la fin surprenante il est vrai Amandine est une \u00e9crivaine sensible qui fait ressortir cette sensibilit\u00e9 dans ses r\u00e9cits qui sait nous transporter dans ce monde qu&rsquo;elle a cr\u00e9er pour nous \u00e0 bient\u00f4t je l&rsquo;esp\u00e8re et encore merci.<\/span><\/div>\n<\/div>\n<\/div>\n<\/div>\n<\/div>\n<\/div>\n<p>[\/et_pb_text][\/et_pb_column][\/et_pb_row][\/et_pb_section]<\/p>\n","protected":false},"excerpt":{"rendered":"<p>[et_pb_section fb_built=\u00a0\u00bb1&Prime; _builder_version=\u00a0\u00bb4.4.1&Prime; background_color=\u00a0\u00bb#ffffff\u00a0\u00bb background_color_gradient_direction=\u00a0\u00bb197deg\u00a0\u00bb custom_padding=\u00a0\u00bb83px||2px|||\u00a0\u00bb top_divider_style=\u00a0\u00bbarrow3&Prime; top_divider_color=\u00a0\u00bb#596bb2&Prime; locked=\u00a0\u00bboff\u00a0\u00bb][et_pb_row column_structure=\u00a0\u00bb2_5,3_5&Prime; _builder_version=\u00a0\u00bb4.4.1&Prime; module_alignment=\u00a0\u00bbcenter\u00a0\u00bb min_height=\u00a0\u00bb523px\u00a0\u00bb custom_margin=\u00a0\u00bb37px|95px||162px||\u00a0\u00bb custom_padding=\u00a0\u00bb11px||29px|||\u00a0\u00bb][et_pb_column type=\u00a0\u00bb2_5&Prime; _builder_version=\u00a0\u00bb4.4.1&Prime;][et_pb_image src=\u00a0\u00bbhttps:\/\/amandinemataga.fr\/wp-content\/uploads\/2020\/04\/carte-tome-2_2.jpg\u00a0\u00bb align=\u00a0\u00bbcenter\u00a0\u00bb _builder_version=\u00a0\u00bb4.4.1&Prime; width=\u00a0\u00bb100%\u00a0\u00bb height=\u00a0\u00bb422px\u00a0\u00bb custom_padding=\u00a0\u00bb|1px||||\u00a0\u00bb][\/et_pb_image][\/et_pb_column][et_pb_column type=\u00a0\u00bb3_5&Prime; _builder_version=\u00a0\u00bb4.4.1&Prime;][dsm_animated_gradient_text animated_gradient_text=\u00a0\u00bbREVIENS-MOI, Tome 2&Prime; animated_gradient_speed=\u00a0\u00bb17s\u00a0\u00bb gradient_one_color=\u00a0\u00bb#8300e9&Prime; gradient_two_color=\u00a0\u00bb#0c71c3&Prime; gradient_three_color=\u00a0\u00bb#4bb8e7&Prime; gradient_four_color=\u00a0\u00bb#c2e4fe\u00a0\u00bb _builder_version=\u00a0\u00bb4.4.1&Prime; header_font_size=\u00a0\u00bb45px\u00a0\u00bb min_height=\u00a0\u00bb80px\u00a0\u00bb custom_margin=\u00a0\u00bb-29px|||||\u00a0\u00bb][\/dsm_animated_gradient_text][et_pb_text _builder_version=\u00a0\u00bb4.4.1&Prime; text_text_color=\u00a0\u00bbrgba(224,69,100,0.9)\u00a0\u00bb text_font_size=\u00a0\u00bb15px\u00a0\u00bb width=\u00a0\u00bb98.5%\u00a0\u00bb min_height=\u00a0\u00bb235px\u00a0\u00bb custom_margin=\u00a0\u00bb-46px||5px|1px||\u00a0\u00bb custom_padding=\u00a0\u00bb0px|0px|2px|||\u00a0\u00bb] Elena avait coutume de dire que j\u2019\u00e9tais la lumi\u00e8re dans ses [&hellip;]<\/p>\n","protected":false},"author":1,"featured_media":0,"parent":0,"menu_order":0,"comment_status":"closed","ping_status":"closed","template":"","meta":{"_et_pb_use_builder":"on","_et_pb_old_content":"","_et_gb_content_width":"","footnotes":""},"_links":{"self":[{"href":"https:\/\/amandinemataga.fr\/index.php\/wp-json\/wp\/v2\/pages\/221617"}],"collection":[{"href":"https:\/\/amandinemataga.fr\/index.php\/wp-json\/wp\/v2\/pages"}],"about":[{"href":"https:\/\/amandinemataga.fr\/index.php\/wp-json\/wp\/v2\/types\/page"}],"author":[{"embeddable":true,"href":"https:\/\/amandinemataga.fr\/index.php\/wp-json\/wp\/v2\/users\/1"}],"replies":[{"embeddable":true,"href":"https:\/\/amandinemataga.fr\/index.php\/wp-json\/wp\/v2\/comments?post=221617"}],"version-history":[{"count":17,"href":"https:\/\/amandinemataga.fr\/index.php\/wp-json\/wp\/v2\/pages\/221617\/revisions"}],"predecessor-version":[{"id":222710,"href":"https:\/\/amandinemataga.fr\/index.php\/wp-json\/wp\/v2\/pages\/221617\/revisions\/222710"}],"wp:attachment":[{"href":"https:\/\/amandinemataga.fr\/index.php\/wp-json\/wp\/v2\/media?parent=221617"}],"curies":[{"name":"wp","href":"https:\/\/api.w.org\/{rel}","templated":true}]}}