{"id":222057,"date":"2020-04-14T17:47:26","date_gmt":"2020-04-14T15:47:26","guid":{"rendered":"https:\/\/amandinemataga.fr\/?page_id=222057"},"modified":"2020-05-04T11:55:38","modified_gmt":"2020-05-04T09:55:38","slug":"mentions-legales","status":"publish","type":"page","link":"https:\/\/amandinemataga.fr\/index.php\/mentions-legales\/","title":{"rendered":"Mentions l\u00e9gales"},"content":{"rendered":"<p>[et_pb_section fb_built=\u00a0\u00bb1&Prime; _builder_version=\u00a0\u00bb4.4.1&Prime; custom_padding=\u00a0\u00bb61px||3px|||\u00a0\u00bb][et_pb_row _builder_version=\u00a0\u00bb4.4.1&Prime; custom_margin=\u00a0\u00bb-28px|auto||auto||\u00a0\u00bb custom_padding=\u00a0\u00bb11px||4px|||\u00a0\u00bb][et_pb_column type=\u00a0\u00bb4_4&Prime; _builder_version=\u00a0\u00bb4.4.1&Prime;][dsm_animated_gradient_text animated_gradient_text=\u00a0\u00bbMENTIONS L\u00c9GALES\u00a0\u00bb gradient_one_color=\u00a0\u00bb#e05e98&Prime; gradient_two_color=\u00a0\u00bb#df52ff\u00a0\u00bb _builder_version=\u00a0\u00bb4.4.1&Prime; header_font_size=\u00a0\u00bb33px\u00a0\u00bb][\/dsm_animated_gradient_text][\/et_pb_column][\/et_pb_row][\/et_pb_section][et_pb_section fb_built=\u00a0\u00bb1&Prime; _builder_version=\u00a0\u00bb4.4.1&Prime; custom_margin=\u00a0\u00bb-1px|||||\u00a0\u00bb custom_padding=\u00a0\u00bb1px||6px|||\u00a0\u00bb][et_pb_row _builder_version=\u00a0\u00bb4.4.1&Prime; custom_margin=\u00a0\u00bb-3px|auto||auto||\u00a0\u00bb custom_padding=\u00a0\u00bb28px||8px|||\u00a0\u00bb][et_pb_column type=\u00a0\u00bb4_4&Prime; _builder_version=\u00a0\u00bb4.4.1&Prime;][et_pb_text _builder_version=\u00a0\u00bb4.4.1&Prime; text_font_size=\u00a0\u00bb12px\u00a0\u00bb custom_margin=\u00a0\u00bb-7px|||||\u00a0\u00bb custom_padding=\u00a0\u00bb0px||0px|||\u00a0\u00bb]<\/p>\n<p><strong>Propri\u00e9t\u00e9<\/strong><\/p>\n<p>Le pr\u00e9sent site est la propri\u00e9t\u00e9 de la soci\u00e9t\u00e9 <strong>Amandine Mataga<\/strong>. Les informations pr\u00e9sent\u00e9es sur ce site sont publiques. En revanche, le contenu du site ne l\u2019est pas, puisque prot\u00e9g\u00e9 pas la propri\u00e9t\u00e9 intellectuelle. Toute reproduction est strictement interdite sans accord pr\u00e9alable.<\/p>\n<div class=\"row\">\n<div class=\"col-sm-8 col-md-offset-2\">\n<p><strong>Si\u00e8ge social<\/strong><\/p>\n<p>10 bis rue de Verdun \u2013 69390 Vourles, France<br \/> Mail : <a href=\"mailto:amandine.mataga@gmail.com\" title=\"mail\">amandine.mataga@gmail.com<\/a><\/p>\n<p>Vous pourrez trouvez les Conditions G\u00e9n\u00e9rales de Vente (CGV) &#8230; <a href=\"https:\/\/amandinemataga.fr\/index.php\/cvg\/\">en cliquant ici<\/a>.<\/p>\n<p><strong>Directeur de publication<\/strong><\/p>\n<p>Amandine Mataga<\/p>\n<p><strong>H\u00e9bergement<\/strong><\/p>\n<p>WordPress \u2013 Si\u00e8ge social : <span class=\"ILfuVd\"><span class=\"e24Kjd\">60 29th Street #343, San Francisco, CA 94110-4929, United States of America<\/span><\/span><\/p>\n<p>Soci\u00e9t\u00e9 OVH \u2013 Si\u00e8ge social : 2 rue Kellermann 59100 Roubaix<\/p>\n<p><strong>Donn\u00e9es personnelles<\/strong><\/p>\n<p>Lors du partage ou de l\u2019utilisation des informations diffus\u00e9es sur le site, il est n\u00e9cessaire d\u2019indiquer la source et de proposer un lien renvoyant au site <a href=\"https:\/\/amandinemataga.fr\">https:\/\/amandinemataga.fr<\/a> .<\/p>\n<p>Ces informations ne peuvent en aucun cas \u00eatre utilis\u00e9es \u00e0 des fins commerciales ou publicitaires.<\/p>\n<\/div>\n<\/div>\n<p>&nbsp;<\/p>\n<p>[\/et_pb_text][\/et_pb_column][\/et_pb_row][\/et_pb_section]<\/p>\n","protected":false},"excerpt":{"rendered":"<p>[et_pb_section fb_built=\u00a0\u00bb1&Prime; _builder_version=\u00a0\u00bb4.4.1&Prime; custom_padding=\u00a0\u00bb61px||3px|||\u00a0\u00bb][et_pb_row _builder_version=\u00a0\u00bb4.4.1&Prime; custom_margin=\u00a0\u00bb-28px|auto||auto||\u00a0\u00bb custom_padding=\u00a0\u00bb11px||4px|||\u00a0\u00bb][et_pb_column type=\u00a0\u00bb4_4&Prime; _builder_version=\u00a0\u00bb4.4.1&Prime;][dsm_animated_gradient_text animated_gradient_text=\u00a0\u00bbMENTIONS L\u00c9GALES\u00a0\u00bb gradient_one_color=\u00a0\u00bb#e05e98&Prime; gradient_two_color=\u00a0\u00bb#df52ff\u00a0\u00bb _builder_version=\u00a0\u00bb4.4.1&Prime; header_font_size=\u00a0\u00bb33px\u00a0\u00bb][\/dsm_animated_gradient_text][\/et_pb_column][\/et_pb_row][\/et_pb_section][et_pb_section fb_built=\u00a0\u00bb1&Prime; _builder_version=\u00a0\u00bb4.4.1&Prime; custom_margin=\u00a0\u00bb-1px|||||\u00a0\u00bb custom_padding=\u00a0\u00bb1px||6px|||\u00a0\u00bb][et_pb_row _builder_version=\u00a0\u00bb4.4.1&Prime; custom_margin=\u00a0\u00bb-3px|auto||auto||\u00a0\u00bb custom_padding=\u00a0\u00bb28px||8px|||\u00a0\u00bb][et_pb_column type=\u00a0\u00bb4_4&Prime; _builder_version=\u00a0\u00bb4.4.1&Prime;][et_pb_text _builder_version=\u00a0\u00bb4.4.1&Prime; text_font_size=\u00a0\u00bb12px\u00a0\u00bb custom_margin=\u00a0\u00bb-7px|||||\u00a0\u00bb custom_padding=\u00a0\u00bb0px||0px|||\u00a0\u00bb] Propri\u00e9t\u00e9 Le pr\u00e9sent site est la propri\u00e9t\u00e9 de la soci\u00e9t\u00e9 Amandine Mataga. Les informations pr\u00e9sent\u00e9es sur ce site sont publiques. En revanche, le contenu du site ne [&hellip;]<\/p>\n","protected":false},"author":1,"featured_media":0,"parent":0,"menu_order":0,"comment_status":"closed","ping_status":"closed","template":"","meta":{"_et_pb_use_builder":"on","_et_pb_old_content":"","_et_gb_content_width":"","footnotes":""},"_links":{"self":[{"href":"https:\/\/amandinemataga.fr\/index.php\/wp-json\/wp\/v2\/pages\/222057"}],"collection":[{"href":"https:\/\/amandinemataga.fr\/index.php\/wp-json\/wp\/v2\/pages"}],"about":[{"href":"https:\/\/amandinemataga.fr\/index.php\/wp-json\/wp\/v2\/types\/page"}],"author":[{"embeddable":true,"href":"https:\/\/amandinemataga.fr\/index.php\/wp-json\/wp\/v2\/users\/1"}],"replies":[{"embeddable":true,"href":"https:\/\/amandinemataga.fr\/index.php\/wp-json\/wp\/v2\/comments?post=222057"}],"version-history":[{"count":8,"href":"https:\/\/amandinemataga.fr\/index.php\/wp-json\/wp\/v2\/pages\/222057\/revisions"}],"predecessor-version":[{"id":222740,"href":"https:\/\/amandinemataga.fr\/index.php\/wp-json\/wp\/v2\/pages\/222057\/revisions\/222740"}],"wp:attachment":[{"href":"https:\/\/amandinemataga.fr\/index.php\/wp-json\/wp\/v2\/media?parent=222057"}],"curies":[{"name":"wp","href":"https:\/\/api.w.org\/{rel}","templated":true}]}}