{"id":222418,"date":"2020-05-02T15:38:43","date_gmt":"2020-05-02T13:38:43","guid":{"rendered":"https:\/\/amandinemataga.fr\/?page_id=222418"},"modified":"2020-05-02T17:05:26","modified_gmt":"2020-05-02T15:05:26","slug":"extrait-reviens-moi-tome1-prologue","status":"publish","type":"page","link":"https:\/\/amandinemataga.fr\/index.php\/extrait-reviens-moi-tome1-prologue\/","title":{"rendered":"Extrait Reviens-Moi, Tome 1, prologue"},"content":{"rendered":"<p>[et_pb_section fb_built=\u00a0\u00bb1&Prime; _builder_version=\u00a0\u00bb4.4.1&Prime;][et_pb_row _builder_version=\u00a0\u00bb4.4.1&Prime; background_color=\u00a0\u00bb#191919&Prime;][et_pb_column type=\u00a0\u00bb4_4&Prime; _builder_version=\u00a0\u00bb4.4.1&Prime;][et_pb_image src=\u00a0\u00bbhttps:\/\/amandinemataga.fr\/wp-content\/uploads\/2020\/05\/Reviens-Moi-Tome-13.png\u00a0\u00bb url=\u00a0\u00bbhttps:\/\/amandinemataga.fr\/index.php\/reviens-moi-tome-1\/\u00a0\u00bb align=\u00a0\u00bbcenter\u00a0\u00bb _builder_version=\u00a0\u00bb4.4.1&Prime; module_alignment=\u00a0\u00bbcenter\u00a0\u00bb box_shadow_style=\u00a0\u00bbpreset1&Prime;][\/et_pb_image][\/et_pb_column][\/et_pb_row][et_pb_row _builder_version=\u00a0\u00bb4.4.1&Prime;][et_pb_column type=\u00a0\u00bb4_4&Prime; _builder_version=\u00a0\u00bb4.4.1&Prime;][et_pb_text _builder_version=\u00a0\u00bb4.4.1&Prime;]<\/p>\n<p style=\"text-align: center;\"><strong><em>\u00ab\u2009Je ne me suis pas demand\u00e9 si j\u2019avais le droit de l\u2019aimer. Je l\u2019ai juste aim\u00e9e.\u2009\u00bb\u00a0 <\/em><\/strong><\/p>\n<p style=\"text-align: center;\"><strong><em>Nicholas Sparks<\/em><\/strong><\/p>\n<p>&nbsp;<\/p>\n<p style=\"text-align: justify;\">Il \u00e9tait assis pr\u00e8s d\u2019elle et malgr\u00e9 le gris orageux de ses yeux, son corps tendu par la col\u00e8re, elle le trouvait beau. Il \u00e9tait cette \u00e9tincelle qui la rendait vivante.<\/p>\n<p style=\"text-align: justify;\"><em>Ethan.<\/em><\/p>\n<p style=\"text-align: justify;\">Elle le d\u00e9cevait et cela la d\u00e9chirait. Le temps en accord avec ses \u00e9motions rugissait de col\u00e8re et de tristesse, le vent soufflait violemment et le ciel d\u00e9versait ses torrents. Ils ne distinguaient rien \u00e0 travers le pare-brise. Ethan lui parlait, criait, mais elle ne voyait que ses l\u00e8vres bouger.<\/p>\n<p style=\"text-align: justify;\">\u2013Elena, regarde-moi. On part maintenant, tous les deux. Je n\u2019ai besoin que de toi.<\/p>\n<p style=\"text-align: justify;\">Il ne comprenait pas, ou ne voulait pas comprendre. Ce choix \u00e9tait impossible pour elle, malgr\u00e9 l\u2019amour qui la consumait, elle ne pouvait pas tout quitter.<\/p>\n<p style=\"text-align: justify;\">\u2013 Je ne peux pas. Laisse-moi du temps, Ethan, je t\u2019en prie. C\u2019est de mon p\u00e8re, de ma famille dont il s\u2019agit.<\/p>\n<p style=\"text-align: justify;\">Ce simple mot claqua dans l\u2019air et la percuta de plein fouet. Elle resta fig\u00e9e, immobile, \u00e0 croire que le temps s\u2019\u00e9tait arr\u00eat\u00e9 sur ces trois lettres.<\/p>\n<p style=\"text-align: justify;\">\u2013 Je t\u2019aime Elena, tu es la femme de ma vie, mais ils passeront toujours en premier. Cette foutue famille est un poison, ne le vois-tu pas\u2009? cracha-t-il avec hargne.<\/p>\n<p style=\"text-align: justify;\">Il d\u00e9marra la voiture et le c\u0153ur d\u2019Elena se brisa. La route \u00e9tait sombre et l\u2019orage qui grondait rendait la visibilit\u00e9 presque nulle. Il parlait encore, mais Elena ne l\u2019\u00e9coutait plus. Son esprit s\u2019\u00e9tait retranch\u00e9 alors que le tonnerre nimbait l\u2019obscurit\u00e9 d\u2019artifices, engloutissant dans son roulement, le chagrin qui oppressait son c\u0153ur. Aucun d\u2019eux ne comprit ce qu\u2019il se passa par la suite. Elena crut entendre crier, mais il \u00e9tait trop tard. Elle vit la peur dans les yeux d\u2019Ethan, mais aussi l\u2019amour. Puis vint le noir, profond, calme, paisible.<\/p>\n<p style=\"text-align: justify;\"><em>Reviens-moi\u2026<\/em><\/p>\n<p>[\/et_pb_text][\/et_pb_column][\/et_pb_row][et_pb_row column_structure=\u00a0\u00bb1_2,1_2&Prime; _builder_version=\u00a0\u00bb4.4.1&Prime;][et_pb_column type=\u00a0\u00bb1_2&Prime; _builder_version=\u00a0\u00bb4.4.1&Prime;][\/et_pb_column][et_pb_column type=\u00a0\u00bb1_2&Prime; _builder_version=\u00a0\u00bb4.4.1&Prime;][et_pb_text _builder_version=\u00a0\u00bb4.4.1&Prime; text_font=\u00a0\u00bbSacramento||||||||\u00a0\u00bb text_font_size=\u00a0\u00bb34px\u00a0\u00bb text_line_height=\u00a0\u00bb1.6em\u00a0\u00bb background_color=\u00a0\u00bb#ffffff\u00a0\u00bb use_background_color_gradient=\u00a0\u00bbon\u00a0\u00bb background_color_gradient_start=\u00a0\u00bb#ffffff\u00a0\u00bb background_color_gradient_end=\u00a0\u00bb#ed578e\u00a0\u00bb background_color_gradient_type=\u00a0\u00bbradial\u00a0\u00bb background_color_gradient_direction_radial=\u00a0\u00bbleft\u00a0\u00bb text_orientation=\u00a0\u00bbright\u00a0\u00bb link_option_url=\u00a0\u00bbhttps:\/\/amandinemataga.fr\/index.php\/extrait-reviens-moi-tome-1-chapitre1\/\u00a0\u00bb hover_enabled=\u00a0\u00bb0&Prime;]<\/p>\n<p>Aller au chapitre 1\u00a0 \u21d2<\/p>\n<p>[\/et_pb_text][\/et_pb_column][\/et_pb_row][\/et_pb_section][et_pb_section fb_built=\u00a0\u00bb1&Prime; _builder_version=\u00a0\u00bb4.4.1&Prime; background_color=\u00a0\u00bb#ffffff\u00a0\u00bb custom_margin=\u00a0\u00bb4px||-3px||false|false\u00a0\u00bb custom_padding=\u00a0\u00bb4px||2px|||\u00a0\u00bb][et_pb_row column_structure=\u00a0\u00bb1_5,1_5,1_5,1_5,1_5&Prime; _builder_version=\u00a0\u00bb4.4.1&Prime; background_color=\u00a0\u00bb#ffffff\u00a0\u00bb width=\u00a0\u00bb100%\u00a0\u00bb module_alignment=\u00a0\u00bbcenter\u00a0\u00bb custom_padding=\u00a0\u00bb3px||3px|||\u00a0\u00bb module_alignment_tablet=\u00a0\u00bb\u00a0\u00bb module_alignment_phone=\u00a0\u00bb\u00a0\u00bb module_alignment_last_edited=\u00a0\u00bbon|phone\u00a0\u00bb][et_pb_column type=\u00a0\u00bb1_5&Prime; _builder_version=\u00a0\u00bb4.4.1&Prime;][dsm_animated_gradient_text animated_gradient_text=\u00a0\u00bbSuivez-moi&#8230;\u00a0\u00bb gradient_one_color=\u00a0\u00bb#fc3588&Prime; gradient_two_color=\u00a0\u00bb#df52ff\u00a0\u00bb _builder_version=\u00a0\u00bb4.4.1&Prime; header_font=\u00a0\u00bbAbhaya Libre||||||||\u00a0\u00bb header_text_align=\u00a0\u00bbleft\u00a0\u00bb header_font_size=\u00a0\u00bb27px\u00a0\u00bb header_line_height=\u00a0\u00bb2em\u00a0\u00bb width=\u00a0\u00bb100%\u00a0\u00bb module_alignment=\u00a0\u00bbcenter\u00a0\u00bb][\/dsm_animated_gradient_text][\/et_pb_column][et_pb_column type=\u00a0\u00bb1_5&Prime; _builder_version=\u00a0\u00bb4.4.1&Prime;][et_pb_social_media_follow use_icon_font_size=\u00a0\u00bbon\u00a0\u00bb icon_font_size=\u00a0\u00bb10px\u00a0\u00bb _builder_version=\u00a0\u00bb4.4.1&Prime; module_alignment=\u00a0\u00bbcenter\u00a0\u00bb][et_pb_social_media_follow_network social_network=\u00a0\u00bbfacebook\u00a0\u00bb url=\u00a0\u00bbhttps:\/\/www.facebook.com\/AmandineMataga\/\u00a0\u00bb use_icon_font_size=\u00a0\u00bbon\u00a0\u00bb icon_font_size=\u00a0\u00bb24px\u00a0\u00bb _builder_version=\u00a0\u00bb4.4.1&Prime; background_color=\u00a0\u00bb#ffffff\u00a0\u00bb background_enable_color=\u00a0\u00bbon\u00a0\u00bb background_image=\u00a0\u00bbhttps:\/\/amandinemataga.fr\/wp-content\/uploads\/2020\/04\/social-media-buttons-girly-png-12.png\u00a0\u00bb background_enable_image=\u00a0\u00bbon\u00a0\u00bb background_size=\u00a0\u00bbcontain\u00a0\u00bb follow_button=\u00a0\u00bboff\u00a0\u00bb url_new_window=\u00a0\u00bbon\u00a0\u00bb]facebook[\/et_pb_social_media_follow_network][et_pb_social_media_follow_network social_network=\u00a0\u00bbinstagram\u00a0\u00bb url=\u00a0\u00bbhttps:\/\/www.instagram.com\/amandine_mataga\/\u00a0\u00bb use_icon_font_size=\u00a0\u00bbon\u00a0\u00bb icon_font_size=\u00a0\u00bb27px\u00a0\u00bb _builder_version=\u00a0\u00bb4.4.1&Prime; background_color=\u00a0\u00bb#ffffff\u00a0\u00bb background_enable_color=\u00a0\u00bbon\u00a0\u00bb background_image=\u00a0\u00bbhttps:\/\/amandinemataga.fr\/wp-content\/uploads\/2020\/04\/e643120fcf85eca482a00814a040fe08_about-us-facepainting_270-268.png\u00a0\u00bb background_enable_image=\u00a0\u00bbon\u00a0\u00bb background_size=\u00a0\u00bbcontain\u00a0\u00bb button_bg_image=\u00a0\u00bbhttps:\/\/amandinemataga.fr\/wp-content\/uploads\/2020\/04\/e643120fcf85eca482a00814a040fe08_about-us-facepainting_270-268.png\u00a0\u00bb button_bg_enable_image=\u00a0\u00bbon\u00a0\u00bb button_bg_size=\u00a0\u00bbinitial\u00a0\u00bb follow_button=\u00a0\u00bboff\u00a0\u00bb url_new_window=\u00a0\u00bbon\u00a0\u00bb]instagram[\/et_pb_social_media_follow_network][et_pb_social_media_follow_network social_network=\u00a0\u00bbyoutube\u00a0\u00bb url=\u00a0\u00bbhttps:\/\/www.youtube.com\/channel\/UCPyqg_ahocpaZuybMUr1JKg\/featured?view_as=subscriber\u00a0\u00bb use_icon_font_size=\u00a0\u00bbon\u00a0\u00bb icon_font_size=\u00a0\u00bb20px\u00a0\u00bb _builder_version=\u00a0\u00bb4.4.1&Prime; background_color=\u00a0\u00bb#ed5a92&Prime; background_enable_color=\u00a0\u00bbon\u00a0\u00bb follow_button=\u00a0\u00bboff\u00a0\u00bb url_new_window=\u00a0\u00bbon\u00a0\u00bb]youtube[\/et_pb_social_media_follow_network][\/et_pb_social_media_follow][\/et_pb_column][et_pb_column type=\u00a0\u00bb1_5&Prime; _builder_version=\u00a0\u00bb4.4.1&Prime;][\/et_pb_column][et_pb_column type=\u00a0\u00bb1_5&Prime; _builder_version=\u00a0\u00bb4.4.1&Prime;][\/et_pb_column][et_pb_column type=\u00a0\u00bb1_5&Prime; _builder_version=\u00a0\u00bb4.4.1&Prime;][dsm_facebook_like_button fb_url=\u00a0\u00bbhttps:\/\/www.facebook.com\/AmandineMataga\/\u00a0\u00bb fb_layout=\u00a0\u00bbbutton\u00a0\u00bb fb_share=\u00a0\u00bbtrue\u00a0\u00bb fb_size=\u00a0\u00bblarge\u00a0\u00bb fb_alignment=\u00a0\u00bbcenter\u00a0\u00bb _builder_version=\u00a0\u00bb4.4.1&Prime; module_alignment=\u00a0\u00bbcenter\u00a0\u00bb link_option_url=\u00a0\u00bbhttps:\/\/www.facebook.com\/AmandineMataga\/\u00a0\u00bb][\/dsm_facebook_like_button][\/et_pb_column][\/et_pb_row][\/et_pb_section]<\/p>\n","protected":false},"excerpt":{"rendered":"<p>[et_pb_section fb_built=\u00a0\u00bb1&Prime; _builder_version=\u00a0\u00bb4.4.1&Prime;][et_pb_row _builder_version=\u00a0\u00bb4.4.1&Prime; background_color=\u00a0\u00bb#191919&Prime;][et_pb_column type=\u00a0\u00bb4_4&Prime; _builder_version=\u00a0\u00bb4.4.1&Prime;][et_pb_image src=\u00a0\u00bbhttps:\/\/amandinemataga.fr\/wp-content\/uploads\/2020\/05\/Reviens-Moi-Tome-13.png\u00a0\u00bb url=\u00a0\u00bbhttps:\/\/amandinemataga.fr\/index.php\/reviens-moi-tome-1\/\u00a0\u00bb align=\u00a0\u00bbcenter\u00a0\u00bb _builder_version=\u00a0\u00bb4.4.1&Prime; module_alignment=\u00a0\u00bbcenter\u00a0\u00bb box_shadow_style=\u00a0\u00bbpreset1&Prime;][\/et_pb_image][\/et_pb_column][\/et_pb_row][et_pb_row _builder_version=\u00a0\u00bb4.4.1&Prime;][et_pb_column type=\u00a0\u00bb4_4&Prime; _builder_version=\u00a0\u00bb4.4.1&Prime;][et_pb_text _builder_version=\u00a0\u00bb4.4.1&Prime;] \u00ab\u2009Je ne me suis pas demand\u00e9 si j\u2019avais le droit de l\u2019aimer. Je l\u2019ai juste aim\u00e9e.\u2009\u00bb\u00a0 Nicholas Sparks &nbsp; Il \u00e9tait assis pr\u00e8s d\u2019elle et malgr\u00e9 le gris orageux de ses yeux, son corps tendu par la col\u00e8re, [&hellip;]<\/p>\n","protected":false},"author":1,"featured_media":0,"parent":0,"menu_order":0,"comment_status":"closed","ping_status":"closed","template":"","meta":{"_et_pb_use_builder":"on","_et_pb_old_content":"","_et_gb_content_width":"","footnotes":""},"_links":{"self":[{"href":"https:\/\/amandinemataga.fr\/index.php\/wp-json\/wp\/v2\/pages\/222418"}],"collection":[{"href":"https:\/\/amandinemataga.fr\/index.php\/wp-json\/wp\/v2\/pages"}],"about":[{"href":"https:\/\/amandinemataga.fr\/index.php\/wp-json\/wp\/v2\/types\/page"}],"author":[{"embeddable":true,"href":"https:\/\/amandinemataga.fr\/index.php\/wp-json\/wp\/v2\/users\/1"}],"replies":[{"embeddable":true,"href":"https:\/\/amandinemataga.fr\/index.php\/wp-json\/wp\/v2\/comments?post=222418"}],"version-history":[{"count":8,"href":"https:\/\/amandinemataga.fr\/index.php\/wp-json\/wp\/v2\/pages\/222418\/revisions"}],"predecessor-version":[{"id":222457,"href":"https:\/\/amandinemataga.fr\/index.php\/wp-json\/wp\/v2\/pages\/222418\/revisions\/222457"}],"wp:attachment":[{"href":"https:\/\/amandinemataga.fr\/index.php\/wp-json\/wp\/v2\/media?parent=222418"}],"curies":[{"name":"wp","href":"https:\/\/api.w.org\/{rel}","templated":true}]}}