{"id":222473,"date":"2020-05-02T17:56:55","date_gmt":"2020-05-02T15:56:55","guid":{"rendered":"https:\/\/amandinemataga.fr\/?page_id=222473"},"modified":"2020-05-02T18:51:57","modified_gmt":"2020-05-02T16:51:57","slug":"extrait-reviens-moi-tome2-prologue","status":"publish","type":"page","link":"https:\/\/amandinemataga.fr\/index.php\/extrait-reviens-moi-tome2-prologue\/","title":{"rendered":"Extrait Reviens-moi, tome2, prologue"},"content":{"rendered":"<p>[et_pb_section fb_built=\u00a0\u00bb1&Prime; _builder_version=\u00a0\u00bb4.4.1&Prime;][et_pb_row _builder_version=\u00a0\u00bb4.4.1&Prime; background_color=\u00a0\u00bb#191919&Prime;][et_pb_column type=\u00a0\u00bb4_4&Prime; _builder_version=\u00a0\u00bb4.4.1&Prime;][et_pb_image src=\u00a0\u00bbhttps:\/\/amandinemataga.fr\/wp-content\/uploads\/2020\/05\/Bannie\u0300re-RM.png\u00a0\u00bb url=\u00a0\u00bbhttps:\/\/amandinemataga.fr\/index.php\/reviens-moi-tome-1\/\u00a0\u00bb align=\u00a0\u00bbcenter\u00a0\u00bb _builder_version=\u00a0\u00bb4.4.1&Prime; module_alignment=\u00a0\u00bbcenter\u00a0\u00bb box_shadow_style=\u00a0\u00bbpreset1&Prime;][\/et_pb_image][\/et_pb_column][\/et_pb_row][et_pb_row _builder_version=\u00a0\u00bb4.4.1&Prime;][et_pb_column type=\u00a0\u00bb4_4&Prime; _builder_version=\u00a0\u00bb4.4.1&Prime;][et_pb_text _builder_version=\u00a0\u00bb4.4.1&Prime; hover_enabled=\u00a0\u00bb0&Prime; inline_fonts=\u00a0\u00bbParisienne\u00a0\u00bb]<\/p>\n<p style=\"text-align: center;\"><strong><\/strong><\/p>\n<p style=\"text-align: center;\"><strong><\/strong><\/p>\n<p style=\"text-align: center;\"><strong><a name=\"_Toc18530023\"><\/a><span style=\"font-family: Parisienne; font-size: xx-large;\">Prologue<\/span><\/strong><\/p>\n<p>&nbsp;<\/p>\n<p style=\"text-align: center;\"><em>\u00ab\u2009L\u2019amour ne dispara\u00eet jamais.<br \/> La mort n\u2019est rien.<br \/> Je suis seulement pass\u00e9 dans la pi\u00e8ce d\u2019\u00e0 c\u00f4t\u00e9.\u2009\u00bb<\/em><\/p>\n<p>&nbsp;<\/p>\n<p style=\"text-align: justify;\">Certains disaient qu\u2019elle faisait partie int\u00e9grante de la vie. Un cycle naturel, un passage obligatoire. Lui pensait que c\u2019\u00e9tait une belle connerie. Il regarda tout autour, tentant d\u2019analyser malgr\u00e9 son esprit embrum\u00e9 par l\u2019alcool ce qui l\u2019entourait. Des milliers de p\u00e9tales blancs dispos\u00e9s sur le sol en pierres, des roses immacul\u00e9es ornaient chaque banc et d\u2019immenses bouquets envahissaient l\u2019autel. N\u00e9anmoins, un assemblage complexe de roses aussi sombre que la nuit, pos\u00e9 pr\u00e8s du bois, attirait l\u2019attention. Les vitraux ancestraux diffusaient une douce lumi\u00e8re, et les voix cristallines des enfants du ch\u0153ur qui s\u2019\u00e9levaient, conf\u00e9raient au moment un aspect magique.<\/p>\n<p style=\"text-align: justify;\">Pourtant, derri\u00e8re cet \u00e9talage, il ne voyait qu\u2019hypocrisie et mensonge. Tous foulant ces lieux qui, il y a encore quelques jours, \u00e9taient le t\u00e9moin sanglant de sa disparition. Il y avait les invit\u00e9s qui paradaient, par\u00e9s de leurs plus beaux atours\u00a0; les curieux qu\u2019une telle c\u00e9r\u00e9monie r\u00e9unissait\u2009; les vautours, appareils photo en main, pr\u00e9sents pour immortaliser ce que la mort elle-m\u00eame avait laiss\u00e9. Puis cet homme, tout de noir v\u00eatu, pr\u00eachant la parole d\u2019un Dieu qu\u2019aujourd\u2019hui il d\u00e9testait plus que tout.<\/p>\n<p style=\"text-align: justify;\"><em>Une mascarade\u2009! <\/em><\/p>\n<p style=\"text-align: justify;\">Il assistait, impuissant, rong\u00e9 par la col\u00e8re et le chagrin, \u00e0 une mauvaise pi\u00e8ce de th\u00e9\u00e2tre.<\/p>\n<p style=\"text-align: justify;\">\u2014\u00a0\u2026 jusqu\u2019\u00e0 ce que tu retournes dans la terre, d\u2019o\u00f9 tu as \u00e9t\u00e9 pris\u2009; car tu es poussi\u00e8re, et tu retourneras \u00e0 la poussi\u00e8re.<\/p>\n<p style=\"text-align: justify;\">Voil\u00e0 comment se r\u00e9sumait la vie humaine. Une s\u00e9rie de p\u00e9rip\u00e9ties, d\u2019al\u00e9as en tout genre, dont aucune des personnes pr\u00e9sentes ne pouvait t\u00e9moigner. De sentiments et d\u2019\u00e9motions divers, qu\u2019aucun ne pourrait retranscrire. Il ne croyait plus en l\u2019homme et il ne croyait plus en Dieu. Ce m\u00eame Dieu qui lui avait impun\u00e9ment vol\u00e9 l\u2019\u00e9tincelle de sa vie. Ce m\u00eame Dieu, qu\u2019il jalousait, profitait \u00e0 pr\u00e9sent de cette lumi\u00e8re, de cet ange pour qui il aurait donn\u00e9 son existence. Ce m\u00eame Dieu qu\u2019il avait pri\u00e9 tant de fois. Le m\u00eame qui l\u2019avait abandonn\u00e9, affligeant sur lui, humble mortel, son courroux divin, d\u00e9truisant ainsi et \u00e0 jamais sa vie, son c\u0153ur et son \u00e2me.<\/p>\n<p style=\"text-align: justify;\">Poussi\u00e8re\u2009! Il n\u2019y croyait pas non plus. Un jour, il lui avait promis un paradis, un endroit o\u00f9 ils seraient \u00e0 l\u2019abri, un lieu \u00e0 leur image o\u00f9 l\u2019amour r\u00e9gnerait en ma\u00eetre. Mais la seule chose qui l\u2019accompagnait aujourd\u2019hui \u00e9tait la rage\u00a0! Un feu couvant sur la terre br\u00fbl\u00e9e et d\u00e9vast\u00e9e qu\u2019\u00e9tait \u00e0 pr\u00e9sent son c\u0153ur. Il les ha\u00efssait tous, avec leurs sourires hypocrites et leurs larmes factices, face \u00e0 ce cercueil ferm\u00e9 qui garderait \u00e0 jamais prisonnier une partie de son \u00e2me.<\/p>\n<p style=\"text-align: justify;\">Une silhouette se d\u00e9tacha soudainement de l\u2019assembl\u00e9e. Drap\u00e9e d\u2019une fine robe noire, les cheveux blonds attach\u00e9s en queue de cheval haute et le regard dissimul\u00e9 sous de grands verres fum\u00e9s, elle remontait lentement la nef. Le silence se fit et face \u00e0 cette foule \u00e9clectique, elle prit la parole d\u2019une voix douce. Au d\u00e9part il n\u2019entendit rien, incapable de se concentrer, mais brusquement ces paroles le percut\u00e8rent.<\/p>\n<p style=\"text-align: justify;\">\u2014\u00a0\u2026 Que les \u00e9toiles se retirent, qu\u2019on les balaye. D\u00e9montez la lune et le soleil, videz l\u2019oc\u00e9an et arrachez la for\u00eat, car rien de bon ne peut advenir d\u00e9sormais.<a href=\"#_ftn1\" name=\"_ftnref1\"><span><em><strong>[1]<\/strong><\/em><\/span><\/a><\/p>\n<p style=\"text-align: justify;\">Elle regagna sa place sans se rendre compte que ses mots, telles des lames affut\u00e9es, avaient une nouvelle fois transperc\u00e9 son c\u0153ur. Tremblant, les poings serr\u00e9s, le regard brillant, la col\u00e8re le consumait. Il voulait leur crier son malheur, les accuser de leurs fautes, les condamner pour leur l\u00e2chet\u00e9. Eux, coupables de tant de maux, de leur amour bris\u00e9, si court f\u00fbt-il, de ses larmes qu\u2019elle retenait si souvent, de ce destin qu\u2019ils lui avaient tant de fois impos\u00e9. Mais avant qu\u2019il ne fasse le moindre mouvement, une main chaude l\u2019empoigna avec force et le conduisit vers la sortie.<\/p>\n<p style=\"text-align: justify;\">Il avait l\u2019impression d\u2019\u00e9touffer, de se noyer. Chaque bouff\u00e9e d\u2019oxyg\u00e8ne le consumait, chaque souvenir bon ou mauvais l\u2019empoisonnait lentement. Alors, \u00e0 bout de force, il se laissa tomber dans l\u2019herbe fra\u00eeche, enfon\u00e7ant ses doigts dans cette terre qu\u2019elle ch\u00e9rissait tant, et hurla. Il d\u00e9versa dans un cri inhumain, le visage lev\u00e9 vers le ciel, son chagrin, sa douleur et sa rage.<\/p>\n<p style=\"text-align: justify;\">\u2014\u00a0Je te hais, je vous hais et je vous maudis tous\u2009!<\/p>\n<p style=\"text-align: justify;\">\n<p style=\"text-align: justify;\"><a href=\"#_ftnref1\" name=\"_ftn1\"><span>[1]<\/span><\/a> Extrait du po\u00e8me de Wystan Hugh Auden \/ Funeral Blues<\/p>\n<p>[\/et_pb_text][\/et_pb_column][\/et_pb_row][et_pb_row column_structure=\u00a0\u00bb1_2,1_2&Prime; _builder_version=\u00a0\u00bb4.4.1&Prime;][et_pb_column type=\u00a0\u00bb1_2&Prime; _builder_version=\u00a0\u00bb4.4.1&Prime;][\/et_pb_column][et_pb_column type=\u00a0\u00bb1_2&Prime; _builder_version=\u00a0\u00bb4.4.1&Prime;][et_pb_text _builder_version=\u00a0\u00bb4.4.1&Prime; text_font=\u00a0\u00bbSacramento||||||||\u00a0\u00bb text_font_size=\u00a0\u00bb34px\u00a0\u00bb text_line_height=\u00a0\u00bb1.6em\u00a0\u00bb background_color=\u00a0\u00bb#ffffff\u00a0\u00bb use_background_color_gradient=\u00a0\u00bbon\u00a0\u00bb background_color_gradient_start=\u00a0\u00bb#ffffff\u00a0\u00bb background_color_gradient_end=\u00a0\u00bb#ed578e\u00a0\u00bb background_color_gradient_type=\u00a0\u00bbradial\u00a0\u00bb background_color_gradient_direction_radial=\u00a0\u00bbleft\u00a0\u00bb text_orientation=\u00a0\u00bbright\u00a0\u00bb link_option_url=\u00a0\u00bbhttps:\/\/amandinemataga.fr\/index.php\/extrait-reviens-moi-tome-2-chapitre-1\/\u00a0\u00bb]<\/p>\n<p>Aller au chapitre 1\u00a0 \u21d2<\/p>\n<p>[\/et_pb_text][\/et_pb_column][\/et_pb_row][\/et_pb_section][et_pb_section fb_built=\u00a0\u00bb1&Prime; _builder_version=\u00a0\u00bb4.4.1&Prime; background_color=\u00a0\u00bb#ffffff\u00a0\u00bb custom_margin=\u00a0\u00bb4px||-3px||false|false\u00a0\u00bb custom_padding=\u00a0\u00bb4px||2px|||\u00a0\u00bb][et_pb_row column_structure=\u00a0\u00bb1_5,1_5,1_5,1_5,1_5&Prime; _builder_version=\u00a0\u00bb4.4.1&Prime; background_color=\u00a0\u00bb#ffffff\u00a0\u00bb width=\u00a0\u00bb100%\u00a0\u00bb module_alignment=\u00a0\u00bbcenter\u00a0\u00bb custom_padding=\u00a0\u00bb3px||3px|||\u00a0\u00bb module_alignment_tablet=\u00a0\u00bb\u00a0\u00bb module_alignment_phone=\u00a0\u00bb\u00a0\u00bb module_alignment_last_edited=\u00a0\u00bbon|phone\u00a0\u00bb][et_pb_column type=\u00a0\u00bb1_5&Prime; _builder_version=\u00a0\u00bb4.4.1&Prime;][dsm_animated_gradient_text animated_gradient_text=\u00a0\u00bbSuivez-moi&#8230;\u00a0\u00bb gradient_one_color=\u00a0\u00bb#fc3588&Prime; gradient_two_color=\u00a0\u00bb#df52ff\u00a0\u00bb _builder_version=\u00a0\u00bb4.4.1&Prime; header_font=\u00a0\u00bbAbhaya Libre||||||||\u00a0\u00bb header_text_align=\u00a0\u00bbleft\u00a0\u00bb header_font_size=\u00a0\u00bb27px\u00a0\u00bb header_line_height=\u00a0\u00bb2em\u00a0\u00bb width=\u00a0\u00bb100%\u00a0\u00bb module_alignment=\u00a0\u00bbcenter\u00a0\u00bb][\/dsm_animated_gradient_text][\/et_pb_column][et_pb_column type=\u00a0\u00bb1_5&Prime; _builder_version=\u00a0\u00bb4.4.1&Prime;][et_pb_social_media_follow use_icon_font_size=\u00a0\u00bbon\u00a0\u00bb icon_font_size=\u00a0\u00bb10px\u00a0\u00bb _builder_version=\u00a0\u00bb4.4.1&Prime; module_alignment=\u00a0\u00bbcenter\u00a0\u00bb][et_pb_social_media_follow_network social_network=\u00a0\u00bbfacebook\u00a0\u00bb url=\u00a0\u00bbhttps:\/\/www.facebook.com\/AmandineMataga\/\u00a0\u00bb use_icon_font_size=\u00a0\u00bbon\u00a0\u00bb icon_font_size=\u00a0\u00bb24px\u00a0\u00bb _builder_version=\u00a0\u00bb4.4.1&Prime; background_color=\u00a0\u00bb#ffffff\u00a0\u00bb background_enable_color=\u00a0\u00bbon\u00a0\u00bb background_image=\u00a0\u00bbhttps:\/\/amandinemataga.fr\/wp-content\/uploads\/2020\/04\/social-media-buttons-girly-png-12.png\u00a0\u00bb background_enable_image=\u00a0\u00bbon\u00a0\u00bb background_size=\u00a0\u00bbcontain\u00a0\u00bb follow_button=\u00a0\u00bboff\u00a0\u00bb url_new_window=\u00a0\u00bbon\u00a0\u00bb]facebook[\/et_pb_social_media_follow_network][et_pb_social_media_follow_network social_network=\u00a0\u00bbinstagram\u00a0\u00bb url=\u00a0\u00bbhttps:\/\/www.instagram.com\/amandine_mataga\/\u00a0\u00bb use_icon_font_size=\u00a0\u00bbon\u00a0\u00bb icon_font_size=\u00a0\u00bb27px\u00a0\u00bb _builder_version=\u00a0\u00bb4.4.1&Prime; background_color=\u00a0\u00bb#ffffff\u00a0\u00bb background_enable_color=\u00a0\u00bbon\u00a0\u00bb background_image=\u00a0\u00bbhttps:\/\/amandinemataga.fr\/wp-content\/uploads\/2020\/04\/e643120fcf85eca482a00814a040fe08_about-us-facepainting_270-268.png\u00a0\u00bb background_enable_image=\u00a0\u00bbon\u00a0\u00bb background_size=\u00a0\u00bbcontain\u00a0\u00bb button_bg_image=\u00a0\u00bbhttps:\/\/amandinemataga.fr\/wp-content\/uploads\/2020\/04\/e643120fcf85eca482a00814a040fe08_about-us-facepainting_270-268.png\u00a0\u00bb button_bg_enable_image=\u00a0\u00bbon\u00a0\u00bb button_bg_size=\u00a0\u00bbinitial\u00a0\u00bb follow_button=\u00a0\u00bboff\u00a0\u00bb url_new_window=\u00a0\u00bbon\u00a0\u00bb]instagram[\/et_pb_social_media_follow_network][et_pb_social_media_follow_network social_network=\u00a0\u00bbyoutube\u00a0\u00bb url=\u00a0\u00bbhttps:\/\/www.youtube.com\/channel\/UCPyqg_ahocpaZuybMUr1JKg\/featured?view_as=subscriber\u00a0\u00bb use_icon_font_size=\u00a0\u00bbon\u00a0\u00bb icon_font_size=\u00a0\u00bb20px\u00a0\u00bb _builder_version=\u00a0\u00bb4.4.1&Prime; background_color=\u00a0\u00bb#ed5a92&Prime; background_enable_color=\u00a0\u00bbon\u00a0\u00bb follow_button=\u00a0\u00bboff\u00a0\u00bb url_new_window=\u00a0\u00bbon\u00a0\u00bb]youtube[\/et_pb_social_media_follow_network][\/et_pb_social_media_follow][\/et_pb_column][et_pb_column type=\u00a0\u00bb1_5&Prime; _builder_version=\u00a0\u00bb4.4.1&Prime;][\/et_pb_column][et_pb_column type=\u00a0\u00bb1_5&Prime; _builder_version=\u00a0\u00bb4.4.1&Prime;][\/et_pb_column][et_pb_column type=\u00a0\u00bb1_5&Prime; _builder_version=\u00a0\u00bb4.4.1&Prime;][dsm_facebook_like_button fb_url=\u00a0\u00bbhttps:\/\/www.facebook.com\/AmandineMataga\/\u00a0\u00bb fb_layout=\u00a0\u00bbbutton\u00a0\u00bb fb_share=\u00a0\u00bbtrue\u00a0\u00bb fb_size=\u00a0\u00bblarge\u00a0\u00bb fb_alignment=\u00a0\u00bbcenter\u00a0\u00bb _builder_version=\u00a0\u00bb4.4.1&Prime; module_alignment=\u00a0\u00bbcenter\u00a0\u00bb link_option_url=\u00a0\u00bbhttps:\/\/www.facebook.com\/AmandineMataga\/\u00a0\u00bb][\/dsm_facebook_like_button][\/et_pb_column][\/et_pb_row][\/et_pb_section]<\/p>\n","protected":false},"excerpt":{"rendered":"<p>[et_pb_section fb_built=\u00a0\u00bb1&Prime; _builder_version=\u00a0\u00bb4.4.1&Prime;][et_pb_row _builder_version=\u00a0\u00bb4.4.1&Prime; background_color=\u00a0\u00bb#191919&Prime;][et_pb_column type=\u00a0\u00bb4_4&Prime; _builder_version=\u00a0\u00bb4.4.1&Prime;][et_pb_image src=\u00a0\u00bbhttps:\/\/amandinemataga.fr\/wp-content\/uploads\/2020\/05\/Bannie\u0300re-RM.png\u00a0\u00bb url=\u00a0\u00bbhttps:\/\/amandinemataga.fr\/index.php\/reviens-moi-tome-1\/\u00a0\u00bb align=\u00a0\u00bbcenter\u00a0\u00bb _builder_version=\u00a0\u00bb4.4.1&Prime; module_alignment=\u00a0\u00bbcenter\u00a0\u00bb box_shadow_style=\u00a0\u00bbpreset1&Prime;][\/et_pb_image][\/et_pb_column][\/et_pb_row][et_pb_row _builder_version=\u00a0\u00bb4.4.1&Prime;][et_pb_column type=\u00a0\u00bb4_4&Prime; _builder_version=\u00a0\u00bb4.4.1&Prime;][et_pb_text _builder_version=\u00a0\u00bb4.4.1&Prime; hover_enabled=\u00a0\u00bb0&Prime; inline_fonts=\u00a0\u00bbParisienne\u00a0\u00bb] Prologue &nbsp; \u00ab\u2009L\u2019amour ne dispara\u00eet jamais. La mort n\u2019est rien. Je suis seulement pass\u00e9 dans la pi\u00e8ce d\u2019\u00e0 c\u00f4t\u00e9.\u2009\u00bb &nbsp; Certains disaient qu\u2019elle faisait partie int\u00e9grante de la vie. Un cycle naturel, un passage obligatoire. Lui [&hellip;]<\/p>\n","protected":false},"author":1,"featured_media":0,"parent":0,"menu_order":0,"comment_status":"closed","ping_status":"closed","template":"","meta":{"_et_pb_use_builder":"on","_et_pb_old_content":"","_et_gb_content_width":"","footnotes":""},"_links":{"self":[{"href":"https:\/\/amandinemataga.fr\/index.php\/wp-json\/wp\/v2\/pages\/222473"}],"collection":[{"href":"https:\/\/amandinemataga.fr\/index.php\/wp-json\/wp\/v2\/pages"}],"about":[{"href":"https:\/\/amandinemataga.fr\/index.php\/wp-json\/wp\/v2\/types\/page"}],"author":[{"embeddable":true,"href":"https:\/\/amandinemataga.fr\/index.php\/wp-json\/wp\/v2\/users\/1"}],"replies":[{"embeddable":true,"href":"https:\/\/amandinemataga.fr\/index.php\/wp-json\/wp\/v2\/comments?post=222473"}],"version-history":[{"count":4,"href":"https:\/\/amandinemataga.fr\/index.php\/wp-json\/wp\/v2\/pages\/222473\/revisions"}],"predecessor-version":[{"id":222516,"href":"https:\/\/amandinemataga.fr\/index.php\/wp-json\/wp\/v2\/pages\/222473\/revisions\/222516"}],"wp:attachment":[{"href":"https:\/\/amandinemataga.fr\/index.php\/wp-json\/wp\/v2\/media?parent=222473"}],"curies":[{"name":"wp","href":"https:\/\/api.w.org\/{rel}","templated":true}]}}