{"id":222734,"date":"2020-05-04T11:52:14","date_gmt":"2020-05-04T09:52:14","guid":{"rendered":"https:\/\/amandinemataga.fr\/?page_id=222734"},"modified":"2020-05-04T11:52:14","modified_gmt":"2020-05-04T09:52:14","slug":"politique-de-confidentialite","status":"publish","type":"page","link":"https:\/\/amandinemataga.fr\/index.php\/politique-de-confidentialite\/","title":{"rendered":"Politique de confidentialit\u00e9"},"content":{"rendered":"<p>[et_pb_section fb_built=\u00a0\u00bb1&Prime; _builder_version=\u00a0\u00bb4.4.1&Prime; custom_padding=\u00a0\u00bb61px||3px|||\u00a0\u00bb][et_pb_row _builder_version=\u00a0\u00bb4.4.1&Prime; custom_margin=\u00a0\u00bb-28px|auto||auto||\u00a0\u00bb custom_padding=\u00a0\u00bb11px||4px|||\u00a0\u00bb][et_pb_column type=\u00a0\u00bb4_4&Prime; _builder_version=\u00a0\u00bb4.4.1&Prime;][dsm_animated_gradient_text animated_gradient_text=\u00a0\u00bbPOLITIQUE DE CONFIDENTIALITE\u00a0\u00bb gradient_one_color=\u00a0\u00bb#e05e98&Prime; gradient_two_color=\u00a0\u00bb#df52ff\u00a0\u00bb _builder_version=\u00a0\u00bb4.4.1&Prime; header_font_size=\u00a0\u00bb33px\u00a0\u00bb hover_enabled=\u00a0\u00bb0&Prime;][\/dsm_animated_gradient_text][\/et_pb_column][\/et_pb_row][\/et_pb_section][et_pb_section fb_built=\u00a0\u00bb1&Prime; _builder_version=\u00a0\u00bb4.4.1&Prime; custom_margin=\u00a0\u00bb-1px|||||\u00a0\u00bb custom_padding=\u00a0\u00bb1px||6px|||\u00a0\u00bb][et_pb_row _builder_version=\u00a0\u00bb4.4.1&Prime; custom_margin=\u00a0\u00bb-3px|auto||auto||\u00a0\u00bb custom_padding=\u00a0\u00bb28px||8px|||\u00a0\u00bb][et_pb_column type=\u00a0\u00bb4_4&Prime; _builder_version=\u00a0\u00bb4.4.1&Prime;][et_pb_text _builder_version=\u00a0\u00bb4.4.1&Prime; text_font_size=\u00a0\u00bb12px\u00a0\u00bb custom_margin=\u00a0\u00bb-7px|||||\u00a0\u00bb custom_padding=\u00a0\u00bb0px||0px|||\u00a0\u00bb hover_enabled=\u00a0\u00bb0&Prime;]<\/p>\n<div class=\"post-date\"><\/div>\n<div class=\"entry-content\">\n<h2><span style=\"font-size: small;\"><strong>Amandine Mataga<\/strong><\/span><\/h2>\n<p>Contact :<\/p>\n<ul>\n<li>Email : <span><span class=\"to\" data-bind=\"text: viewTo\">contact@amandinemataga.fr<\/span><\/span> \/\/ <a href=\"https:\/\/amandinemataga.fr\/index.php\/contacts\/\">Formulaire de contact ICI<\/a><\/li>\n<li>Courrier : 10 bis rue de Verdun &#8211; 69390 Vourles, France<\/li>\n<\/ul>\n<h2><span style=\"text-decoration: underline; font-size: small;\">Utilisation des donn\u00e9es personnelles collect\u00e9es<\/span><\/h2>\n<p>Une donn\u00e9e \u00e0 caract\u00e8re personnel d\u00e9signe toute information se rapportant \u00e0 une personne physique identifi\u00e9e ou identifiable.\u00a0Nous sommes susceptibles de recueillir et de conserver vos donn\u00e9es \u00e0 caract\u00e8re personnel lorsque vous publiez des commentaires.<\/p>\n<h3><span style=\"text-decoration: underline; font-size: small;\">Commentaires<\/span><\/h3>\n<p>Quand vous laissez un commentaire sur notre site web, les donn\u00e9es inscrites dans le formulaire de commentaire, mais aussi votre adresse IP et l\u2019agent utilisateur de votre navigateur sont collect\u00e9s pour nous aider \u00e0 la d\u00e9tection des commentaires ind\u00e9sirables.<\/p>\n<p>Les informations \u00e0 caract\u00e8re personnel indiqu\u00e9es peuvent \u00eatre rectifi\u00e9es ou supprim\u00e9es \u00e0 tout moment sur demande de l\u2019utilisateur.\u00a0Les commentaires des visiteurs peuvent \u00eatre v\u00e9rifi\u00e9s \u00e0 l\u2019aide d\u2019un service automatis\u00e9 de d\u00e9tection des commentaires ind\u00e9sirables.<\/p>\n<p>Si vous laissez un commentaire, le commentaire et ses m\u00e9tadonn\u00e9es sont conserv\u00e9s ind\u00e9finiment.<\/p>\n<h3><span style=\"text-decoration: underline; font-size: small;\">Formulaires de contact<\/span><\/h3>\n<p>Nous utilisons un formulaire de contact situ\u00e9 \u00e0 l\u2019adresse Web suivante : <a href=\"https:\/\/blandinepmartin.fr\/contact\/\">https:\/\/amandinemataga.fr\/index.php\/contacts\/<\/a>pour vous permettre de nous contacter en cas de besoin.<\/p>\n<p>Une cha\u00eene anonymis\u00e9e cr\u00e9\u00e9e \u00e0 partir de votre adresse de messagerie (\u00e9galement appel\u00e9e hash) peut \u00eatre envoy\u00e9e au service Gravatar pour v\u00e9rifier si vous utilisez ce dernier. Les clauses de confidentialit\u00e9 du service Gravatar sont disponibles ici\u00a0: https:\/\/automattic.com\/privacy\/. Apr\u00e8s validation de votre commentaire, votre photo de profil sera visible publiquement \u00e0 cot\u00e9 de votre commentaire.<\/p>\n<h3><span style=\"text-decoration: underline; font-size: small;\">Formulaires de contact<\/span><\/h3>\n<p>Les donn\u00e9es demand\u00e9es dans le formulaire de contact en ligne \u00ab\u00a0nom\u00a0\u00bb et \u00ab\u00a0adresse mail\u00a0\u00bb ne sont ni conserv\u00e9es ni utilis\u00e9es \u00e0 des fins commerciales. Le formulaire de contact est trait\u00e9 comme une correspondance priv\u00e9e,\u00a0\u00a0avec les m\u00eames garanties de confidentialit\u00e9. Il est\u00a0 effac\u00e9 ou conserv\u00e9 selon l\u2019importance du sujet.<\/p>\n<h3><span style=\"text-decoration: underline; font-size: small;\">Romantiques VIP<\/span><\/h3>\n<p>L\u2019abonnement gratuite aux Romantiques VIP se fait via le plug-in Mailpoet. Cela implique la collecte de votre nom, pr\u00e9nom et de votre adresse e-mail. Vous pouvez annuler votre inscription \u00e0 tout moment.<\/p>\n<p>Ces informations ne seront jamais revers\u00e9es \u00e0 quelque tiers que ce soit.<\/p>\n<h3><span style=\"text-decoration: underline; font-size: small;\">Cookies<\/span><\/h3>\n<p>Si vous d\u00e9posez un commentaire sur notre site, il vous sera propos\u00e9 d\u2019enregistrer votre nom, adresse de messagerie et site web dans des cookies. C\u2019est uniquement pour votre confort afin de ne pas avoir \u00e0 saisir ces informations si vous d\u00e9posez un autre commentaire plus tard. Ces cookies expirent au bout d\u2019un an.<\/p>\n<p>Si vous avez un compte et que vous vous connectez sur ce site, un cookie temporaire sera cr\u00e9\u00e9 afin de d\u00e9terminer si votre navigateur accepte les cookies. Il ne contient pas de donn\u00e9es personnelles et sera supprim\u00e9 automatiquement \u00e0 la fermeture de votre navigateur.<\/p>\n<p>Lorsque vous vous connecterez, nous mettrons en place un certain nombre de cookies pour enregistrer vos informations de connexion et vos pr\u00e9f\u00e9rences d\u2019\u00e9cran. La dur\u00e9e de vie d\u2019un cookie de connexion est de deux jours, celle d\u2019un cookie d\u2019option d\u2019\u00e9cran est d\u2019un an. Si vous cochez \u00ab\u00a0Se souvenir de moi\u00a0\u00bb, votre cookie de connexion sera conserv\u00e9 pendant deux semaines. Si vous vous d\u00e9connectez de votre compte, le cookie de connexion sera effac\u00e9.<\/p>\n<p>En modifiant ou en publiant un article, un cookie suppl\u00e9mentaire sera enregistr\u00e9 dans votre navigateur. Ce cookie ne comprend aucune donn\u00e9e personnelle. Il indique simplement l\u2019identifiant de l\u2019article que vous venez de modifier. Il expire au bout d\u2019un jour.<\/p>\n<p><a href=\"https:\/\/automattic.com\/cookies\/\" target=\"_blank\" rel=\"noopener noreferrer\">Consultez la politique de cookies WordPress.<\/a><\/p>\n<h3><span style=\"text-decoration: underline; font-size: small;\">Contenu embarqu\u00e9 depuis d\u2019autres sites<\/span><\/h3>\n<p>Les articles de ce site peuvent inclure des contenus int\u00e9gr\u00e9s (par exemple des vid\u00e9os, images, articles\u2026). Le contenu int\u00e9gr\u00e9 depuis d\u2019autres sites se comporte de la m\u00eame mani\u00e8re que si le visiteur se rendait sur cet autre site.<\/p>\n<p>Ces sites web pourraient collecter des donn\u00e9es sur vous, utiliser des cookies, embarquer des outils de suivis tiers, suivre vos interactions avec ces contenus embarqu\u00e9s si vous disposez d\u2019un compte connect\u00e9 sur leur site web.<\/p>\n<h3><span style=\"text-decoration: underline; font-size: small;\">Statistiques et mesures d\u2019audience<\/span><\/h3>\n<p>Jetpack est actif sur ce site. La politique de confidentialit\u00e9 de Jetpack est <a href=\"https:\/\/automattic.com\/privacy\/\" target=\"_blank\" rel=\"noopener noreferrer\">ici.<\/a><\/p>\n<p>Le site Web <a href=\"https:\/\/amandinemataga.fr\">https:\/\/amandinemataga.fr<\/a> utilise \u00e9galement Google Analytics dont la politique de confidentialit\u00e9 est disponible.<\/p>\n<h2><span style=\"text-decoration: underline; font-size: small;\">Utilisation et transmission de vos donn\u00e9es personnelles<\/span><\/h2>\n<p>Les donn\u00e9es personnelles stock\u00e9es par ce site ne sont utilis\u00e9es que dans le cadre du bon fonctionnement de celui-ci. Ils ne sont transmises qu\u2019au service de Mondial Relay (pour l\u2019envoi d\u2019une commande via la boutique en ligne) et \u00e9ventuellement au service Paypal (si vous r\u00e9glez une commande \u00e0 l\u2019aide de ce moyen de paiement). Ces donn\u00e9es peuvent aussi \u00eatre collect\u00e9es \u00e0 l\u2019issue de l\u2019inscription \u00e0 la newsletter (Mailpoet), des commentaires et du formulaire de contact.<\/p>\n<p>Le site Web <a href=\"https:\/\/amandinemataga.fr\">https:\/\/amandinemataga.fr<\/a> est h\u00e9berg\u00e9 par WordPress.<\/p>\n<p><a href=\"https:\/\/automattic.com\/privacy\/\" target=\"_blank\" rel=\"noopener noreferrer\">Consultez la politique de confidentialit\u00e9 WordPress.<\/a><\/p>\n<h2><span style=\"text-decoration: underline; font-size: small;\">Dur\u00e9es de stockage de vos donn\u00e9es<\/span><\/h2>\n<p>Si vous laissez un commentaire, le commentaire et ses m\u00e9tadonn\u00e9es sont conserv\u00e9s ind\u00e9finiment. Cela permet de reconna\u00eetre et approuver automatiquement les commentaires suivants au lieu de les laisser dans la file de mod\u00e9ration.<\/p>\n<p>Pour les utilisateurs et utilisatrices qui s\u2019enregistrent sur notre site (si cela est possible), nous stockons \u00e9galement les donn\u00e9es personnelles indiqu\u00e9es dans leur profil. Tous les utilisateurs et utilisatrices peuvent voir, modifier ou supprimer leurs informations personnelles \u00e0 tout moment (\u00e0 l\u2019exception de leur nom d\u2019utilisateur-ice). Les gestionnaires du site peuvent aussi voir et modifier ces informations.<\/p>\n<h2><span style=\"text-decoration: underline; font-size: small;\">Les droits que vous avez sur vos donn\u00e9es<\/span><\/h2>\n<p>Si vous avez un compte ou si vous avez laiss\u00e9 des commentaires sur le site, vous pouvez demander \u00e0 recevoir un fichier contenant toutes les donn\u00e9es personnelles que nous poss\u00e9dons \u00e0 votre sujet, incluant celles que vous nous avez fournies. Vous pouvez \u00e9galement demander la suppression des donn\u00e9es personnelles vous concernant. Cela ne prend pas en compte les donn\u00e9es stock\u00e9es \u00e0 des fins administratives, l\u00e9gales ou pour des raisons de s\u00e9curit\u00e9.<\/p>\n<h2><span style=\"text-decoration: underline;\"><span style=\"font-size: small;\">Transmission de vos donn\u00e9es personnelles<\/span><\/span><\/h2>\n<p>Les commentaires des visiteurs peuvent \u00eatre v\u00e9rifi\u00e9s \u00e0 l\u2019aide d\u2019un service automatis\u00e9 de d\u00e9tection des commentaires ind\u00e9sirables.<\/p>\n<h2><span style=\"text-decoration: underline; font-size: small;\">Informations de contact<\/span><\/h2>\n<p>Si vous souhaitez nous contacter concernant la protection de vos donn\u00e9es, <a href=\"https:\/\/amandinemataga.fr\/index.php\/contacts\/\">vous pouvez le faire par le formulaire de contact.<\/a><\/p>\n<h2><span style=\"text-decoration: underline; font-size: small;\">Informations suppl\u00e9mentaires<\/span><\/h2>\n<h2><span style=\"text-decoration: underline; font-size: small;\">Boutique en ligne<\/span><\/h2>\n<p>Nous collectons des informations lors de la validation de commande sur notre boutique.<\/p>\n<h3><span style=\"text-decoration: underline; font-size: small;\">Ce que nous collectons et stockons<\/span><\/h3>\n<p>Pendant votre visite du site, nous suivons\u00a0:<\/p>\n<ul>\n<li>Produits que vous avez vu\u00a0: nous les utilisons pour, par exemple, afficher des produits que vous avez r\u00e9cemment vu<\/li>\n<li>Localisation, adresse IP et type de navigateur\u00a0: nous les utilisons pour l\u2018estimation des taxes et frais de livraison<\/li>\n<li>Adresse de livraison\u00a0: nous vous demanderons de la saisir pour estimer les frais de livraison avant que vous passiez commande, et pour vous envoyer la commande\u00a0!<\/li>\n<\/ul>\n<p>Nous utilisons des cookies pour suivre les contenus du panier pendant que vous naviguez sur notre site.<\/p>\n<p>Quand vous achetez sur notre site web, nous vous demanderons de fournir des informations incluant votre nom, adresse de facturation, adresse de livraison, adresse de messagerie, num\u00e9ro de t\u00e9l\u00e9phone et \u00e9ventuellement les donn\u00e9es du compte tel que nom d\u2019utilisateur et mot de passe. Ces informations seront utilis\u00e9es pour\u00a0:<\/p>\n<ul>\n<li>Envoi de l\u2019information \u00e0 propos de votre compte et commande<\/li>\n<li>R\u00e9pondre aux demandes, incluant les remboursements et plaintes<\/li>\n<li>Pr\u00e9vention de la fraude<\/li>\n<li>Configurez votre compte pour notre boutique<\/li>\n<li>Se conformer avec toute obligation l\u00e9gale, telle que le calcul des taxes<\/li>\n<li>Am\u00e9liorer les offres de notre boutique<\/li>\n<li>Vous envoyer des messages marketing, si vous choisissez d\u2019en recevoir<\/li>\n<\/ul>\n<p>Si vous cr\u00e9ez un compte, nous stockons votre nom, adresse, e-mail, et num\u00e9ro de t\u00e9l\u00e9phone, qui sera utilis\u00e9 pour pr\u00e9remplir la validation de commande pour les prochaines commandes.<\/p>\n<p>Nous stockons g\u00e9n\u00e9ralement vos informations aussi longtemps que nous en avons besoin pour l\u2019usage pour lequel nous les collectons et utilisons, et nous ne sommes pas oblig\u00e9s l\u00e9galement de continuer \u00e0 les conserver. Par exemple, nous stockons les informations de commande pour 10 ann\u00e9es pour les taxes et la comptabilit\u00e9. Ceci inclut votre nom, adresse de messagerie et adresses de facturation et livraison.<\/p>\n<p>Nous stockons aussi les commentaires ou avis, si vous choisissez d\u2019en envoyer.<\/p>\n<h3><span style=\"text-decoration: underline; font-size: small;\">Qui de notre \u00e9quipe a acc\u00e8s aux donn\u00e9es<\/span><\/h3>\n<p>Les administrateurs et g\u00e9rants de la boutique en ligne ont acc\u00e8s aux informations que vous nous fournissez :<\/p>\n<ul>\n<li>Information de commande tel que ce qui a \u00e9t\u00e9 achet\u00e9, quand et o\u00f9 cela doit \u00eatre envoy\u00e9, et<\/li>\n<li>Information client tel que votre nom, adresse de messagerie et informations de facturation et livraison.<\/li>\n<\/ul>\n<p>Notre \u00e9quipe a acc\u00e8s \u00e0 ces informations pour traiter les commandes, effectuer les remboursements et vous aider.<\/p>\n<h3><span style=\"text-decoration: underline; font-size: small;\">Ce que nous partageons avec d\u2019autres<\/span><\/h3>\n<p>Nous partageons des donn\u00e9es avec des tiers qui nous aident \u00e0 g\u00e9rer nos commandes et services de la boutique et notamment le service Paypal (pour le r\u00e8glement) et La Poste (pour l\u2019envoi de la commande).<\/p>\n<h3><span style=\"text-decoration: underline; font-size: small;\">Paiements<\/span><\/h3>\n<p>Nous acceptons les paiements par PayPal. Lors du traitement des paiements, certains donn\u00e9es seront transmises \u00e0 PayPal, incluant l\u2019information obligatoires \u00e0 l\u2019ex\u00e9cution du paiement, tel que le montant total ou les informations de facturation.<\/p>\n<p>Vous trouverez ici la\u00a0<a href=\"https:\/\/www.paypal.com\/us\/webapps\/mpp\/ua\/privacy-full\">politique de confidentialit\u00e9 de PayPal.<\/a><\/p>\n<h3><span style=\"text-decoration: underline; font-size: small;\">Envoi de la commande<\/span><\/h3>\n<p>L\u2019envoi de la commande se fait par l\u2019interm\u00e9diaire de La Poste avec lequel nous partageons vos donn\u00e9es (nom, pr\u00e9nom, adresse postale, adresse mail et num\u00e9ro de t\u00e9l\u00e9phone).<\/p>\n<p><a href=\"https:\/\/boutique.laposte.fr\/politique-de-protection-des-donnees\">Consultez la politique de confidentialit\u00e9 de La Poste<\/a><\/p>\n<p>&nbsp;<\/p>\n<p>&nbsp;<\/p>\n<p>&nbsp;<\/p>\n<\/div>\n<p>[\/et_pb_text][\/et_pb_column][\/et_pb_row][\/et_pb_section]<\/p>\n","protected":false},"excerpt":{"rendered":"<p>[et_pb_section fb_built=\u00a0\u00bb1&Prime; _builder_version=\u00a0\u00bb4.4.1&Prime; custom_padding=\u00a0\u00bb61px||3px|||\u00a0\u00bb][et_pb_row _builder_version=\u00a0\u00bb4.4.1&Prime; custom_margin=\u00a0\u00bb-28px|auto||auto||\u00a0\u00bb custom_padding=\u00a0\u00bb11px||4px|||\u00a0\u00bb][et_pb_column type=\u00a0\u00bb4_4&Prime; _builder_version=\u00a0\u00bb4.4.1&Prime;][dsm_animated_gradient_text animated_gradient_text=\u00a0\u00bbPOLITIQUE DE CONFIDENTIALITE\u00a0\u00bb gradient_one_color=\u00a0\u00bb#e05e98&Prime; gradient_two_color=\u00a0\u00bb#df52ff\u00a0\u00bb _builder_version=\u00a0\u00bb4.4.1&Prime; header_font_size=\u00a0\u00bb33px\u00a0\u00bb hover_enabled=\u00a0\u00bb0&Prime;][\/dsm_animated_gradient_text][\/et_pb_column][\/et_pb_row][\/et_pb_section][et_pb_section fb_built=\u00a0\u00bb1&Prime; _builder_version=\u00a0\u00bb4.4.1&Prime; custom_margin=\u00a0\u00bb-1px|||||\u00a0\u00bb custom_padding=\u00a0\u00bb1px||6px|||\u00a0\u00bb][et_pb_row _builder_version=\u00a0\u00bb4.4.1&Prime; custom_margin=\u00a0\u00bb-3px|auto||auto||\u00a0\u00bb custom_padding=\u00a0\u00bb28px||8px|||\u00a0\u00bb][et_pb_column type=\u00a0\u00bb4_4&Prime; _builder_version=\u00a0\u00bb4.4.1&Prime;][et_pb_text _builder_version=\u00a0\u00bb4.4.1&Prime; text_font_size=\u00a0\u00bb12px\u00a0\u00bb custom_margin=\u00a0\u00bb-7px|||||\u00a0\u00bb custom_padding=\u00a0\u00bb0px||0px|||\u00a0\u00bb hover_enabled=\u00a0\u00bb0&Prime;] Amandine Mataga Contact : Email : contact@amandinemataga.fr \/\/ Formulaire de contact ICI Courrier : 10 bis rue de Verdun &#8211; 69390 Vourles, France Utilisation [&hellip;]<\/p>\n","protected":false},"author":1,"featured_media":0,"parent":0,"menu_order":0,"comment_status":"closed","ping_status":"closed","template":"","meta":{"_et_pb_use_builder":"on","_et_pb_old_content":"","_et_gb_content_width":"","footnotes":""},"_links":{"self":[{"href":"https:\/\/amandinemataga.fr\/index.php\/wp-json\/wp\/v2\/pages\/222734"}],"collection":[{"href":"https:\/\/amandinemataga.fr\/index.php\/wp-json\/wp\/v2\/pages"}],"about":[{"href":"https:\/\/amandinemataga.fr\/index.php\/wp-json\/wp\/v2\/types\/page"}],"author":[{"embeddable":true,"href":"https:\/\/amandinemataga.fr\/index.php\/wp-json\/wp\/v2\/users\/1"}],"replies":[{"embeddable":true,"href":"https:\/\/amandinemataga.fr\/index.php\/wp-json\/wp\/v2\/comments?post=222734"}],"version-history":[{"count":2,"href":"https:\/\/amandinemataga.fr\/index.php\/wp-json\/wp\/v2\/pages\/222734\/revisions"}],"predecessor-version":[{"id":222737,"href":"https:\/\/amandinemataga.fr\/index.php\/wp-json\/wp\/v2\/pages\/222734\/revisions\/222737"}],"wp:attachment":[{"href":"https:\/\/amandinemataga.fr\/index.php\/wp-json\/wp\/v2\/media?parent=222734"}],"curies":[{"name":"wp","href":"https:\/\/api.w.org\/{rel}","templated":true}]}}